{"id":1929,"date":"2023-10-01T23:38:18","date_gmt":"2023-10-01T20:38:18","guid":{"rendered":"https:\/\/compra.uth.gr\/cartera-electronica\/"},"modified":"2023-10-01T23:38:18","modified_gmt":"2023-10-01T20:38:18","slug":"cartera-electronica","status":"publish","type":"page","link":"https:\/\/compra.uth.gr\/es\/cartera-electronica\/","title":{"rendered":"Cartera electr\u00f3nica"},"content":{"rendered":"\t\t<div data-elementor-type=\"wp-page\" data-elementor-id=\"1929\" class=\"elementor elementor-1929 elementor-1305\">\n\t\t\t\t\t\t<section class=\"elementor-section elementor-top-section elementor-element elementor-element-8c95c49 elementor-section-boxed elementor-section-height-default elementor-section-height-default\" data-id=\"8c95c49\" data-element_type=\"section\">\r\n\t\t\r\n\t\t\t\t\t\t\t<div class=\"elementor-container elementor-column-gap-default\">\r\n\t\t\t\t\t\t\t\t\t\t\t<div class=\"elementor-column elementor-col-100 elementor-top-column elementor-element elementor-element-bb3f902\" data-id=\"bb3f902\" data-element_type=\"column\">\r\n\t\t\t\t\t<div class=\"elementor-widget-wrap elementor-element-populated\">\r\n\t\t\t\t\t\t\t\t<section class=\"elementor-section elementor-inner-section elementor-element elementor-element-3ae0fd1 elementor-section-boxed elementor-section-height-default elementor-section-height-default\" data-id=\"3ae0fd1\" data-element_type=\"section\">\r\n\t\t\r\n\t\t\t\t\t\t\t<div class=\"elementor-container elementor-column-gap-default\">\r\n\t\t\t\t\t\t\t\t\t\t\t<div class=\"elementor-column elementor-col-50 elementor-inner-column elementor-element elementor-element-d563a5c\" data-id=\"d563a5c\" data-element_type=\"column\">\r\n\t\t\t\t\t<div class=\"elementor-widget-wrap elementor-element-populated\">\r\n\t\t\t\t\t\t\t\t<div class=\"elementor-element elementor-element-12a3b97 elementor-widget elementor-widget-video\" data-id=\"12a3b97\" data-element_type=\"widget\" data-settings=\"{&quot;youtube_url&quot;:&quot;https:\\\/\\\/www.youtube.com\\\/watch?v=-Pn3AAts1-4&quot;,&quot;video_type&quot;:&quot;youtube&quot;,&quot;controls&quot;:&quot;yes&quot;}\" data-widget_type=\"video.default\">\n\t\t\t\t<div class=\"elementor-widget-container\">\n\t\t\t\t\t\t\t<div class=\"elementor-wrapper elementor-open-inline\">\n\t\t\t<div class=\"elementor-video\"><\/div>\t\t<\/div>\n\t\t\t\t\t\t<\/div>\n\t\t\t\t<\/div>\n\t\t\t\t<div class=\"elementor-element elementor-element-156522a elementor-widget elementor-widget-porto_ultimate_heading\" data-id=\"156522a\" data-element_type=\"widget\" data-widget_type=\"porto_ultimate_heading.default\">\n\t\t\t\t<div class=\"elementor-widget-container\">\n\t\t\t\t\t<div class=\"porto-u-heading  porto-u-55ca8359258f9a412be7e73af65d2aac\"><div class=\"porto-u-sub-heading\" style=\"\"><h3>Mahara para la implantaci\u00f3n de ePortfolios<\/h3><\/div><style>.porto-u-55ca8359258f9a412be7e73af65d2aac.porto-u-heading{text-align:center}<\/style><\/div>\t\t\t\t<\/div>\n\t\t\t\t<\/div>\n\t\t\t\t<div class=\"elementor-element elementor-element-7b4ab80 elementor-widget elementor-widget-video\" data-id=\"7b4ab80\" data-element_type=\"widget\" data-settings=\"{&quot;youtube_url&quot;:&quot;https:\\\/\\\/www.youtube.com\\\/watch?v=VeS1iqQ6VIc&quot;,&quot;video_type&quot;:&quot;youtube&quot;,&quot;controls&quot;:&quot;yes&quot;}\" data-widget_type=\"video.default\">\n\t\t\t\t<div class=\"elementor-widget-container\">\n\t\t\t\t\t\t\t<div class=\"elementor-wrapper elementor-open-inline\">\n\t\t\t<div class=\"elementor-video\"><\/div>\t\t<\/div>\n\t\t\t\t\t\t<\/div>\n\t\t\t\t<\/div>\n\t\t\t\t\t<\/div>\r\n\t\t\t\t<\/div>\r\n\t\t\t\t<div class=\"elementor-column elementor-col-50 elementor-inner-column elementor-element elementor-element-b69f3f9\" data-id=\"b69f3f9\" data-element_type=\"column\">\r\n\t\t\t\t\t<div class=\"elementor-widget-wrap elementor-element-populated\">\r\n\t\t\t\t\t\t\t\t<div class=\"elementor-element elementor-element-a33e8ee elementor-widget elementor-widget-text-editor\" data-id=\"a33e8ee\" data-element_type=\"widget\" data-widget_type=\"text-editor.default\">\n\t\t\t\t<div class=\"elementor-widget-container\">\n\t\t\t\t\t\t\t\t\t<p><span style=\"color: #808080;\">Una cartera electr\u00f3nica es un escaparate p\u00fablico para mostrar los logros personales. Ser\u00e1 una colecci\u00f3n digital de trabajos que reflejen el esfuerzo, el progreso, los logros y las competencias adquiridas a trav\u00e9s de las actividades del proyecto. Los estudiantes y las personas en formaci\u00f3n tendr\u00e1n acceso a un espacio y a herramientas en l\u00ednea para poder registrar, almacenar y estructurar pruebas que demuestren sus logros y capacidades de aprendizaje; para autoevaluar y supervisar su propio desarrollo del aprendizaje; para compartir elementos de sus itinerarios de aprendizaje con compa\u00f1eros e instructores. Adem\u00e1s, est\u00e1 dirigido a todos los estudiantes, trabajadores en pr\u00e1cticas y j\u00f3venes trabajadores que deseen clasificar y nivelar sus capacidades con vistas a las exigencias del mercado laboral. Se espera que este producto intelectual fomente el compromiso de los alumnos con el aprendizaje, la pr\u00e1ctica reflexiva, los objetivos de aprendizaje centrados en el alumno y el aprendizaje permanente autodirigido. Finalidad de la cartera electr\u00f3nica: La cartera electr\u00f3nica tiene dos objetivos fundamentales:<\/span><br \/><span style=\"color: #808080;\">&#8211; Proporcionar documentaci\u00f3n de las actividades de aprendizaje y del trabajo,<\/span><br \/><span style=\"color: #808080;\">&#8211; servir de base para evaluar las actividades de aprendizaje y trabajar con arreglo a determinadas normas.<\/span><br \/><span style=\"color: #808080;\">Ventajas de la cartera electr\u00f3nica<\/span><br \/><span style=\"color: #808080;\">&#8211; El portafolio proporciona las ventajas de los criterios que se utilizar\u00e1n para juzgar las actividades de aprendizaje y el trabajo de cada individuo.<\/span><br \/><span style=\"color: #808080;\">&#8211; El portafolio aporta las ventajas de una prueba directa de las actividades de aprendizaje y el trabajo del individuo.<\/span><br \/><span style=\"color: #808080;\">&#8211; El portafolio ofrece la oportunidad de autoanalizarse y reflexionar.<\/span><br \/><span style=\"color: #808080;\">&#8211; Es una forma de \u00abpublicaci\u00f3n electr\u00f3nica\u00bb.<\/span><\/p>\n\t\t\t\t\t\t\t\t<\/div>\n\t\t\t\t<\/div>\n\t\t\t\t<div class=\"elementor-element elementor-element-2e39256 elementor-widget elementor-widget-porto_info_box\" data-id=\"2e39256\" data-element_type=\"widget\" data-widget_type=\"porto_info_box.default\">\n\t\t\t\t<div class=\"elementor-widget-container\">\n\t\t\t\t\t<div class=\"porto-sicon-box style_1 left-icon\"><div class=\"porto-sicon-left\"><div class=\"porto-just-icon-wrapper porto-icon none\" style=\"\"><i class=\"fas fa-info-circle\"><\/i><\/div><\/div><div class=\"porto-sicon-body\"><div class=\"porto-sicon-description\" style=\"\" ><h4><a href=\"https:\/\/slyms.expertprojects.eu\/\" data-wplink-edit=\"true\"><strong>Haga clic para crear su propia cartera electr\u00f3nica<\/strong><\/a><\/h4><\/div> <!-- description --><\/div><\/div><!-- porto-sicon-box -->\t\t\t\t<\/div>\n\t\t\t\t<\/div>\n\t\t\t\t\t<\/div>\r\n\t\t\t\t<\/div>\r\n\t\t\t\t\t<\/div>\r\n\t\t\t\t<\/section>\r\n\t\t\t\t\t<\/div>\r\n\t\t\t\t<\/div>\r\n\t\t\t\t\t<\/div>\r\n\t\t\t\t<\/section>\r\n\t\t\t\t<section class=\"elementor-section elementor-top-section elementor-element elementor-element-767896c elementor-section-boxed elementor-section-height-default elementor-section-height-default\" data-id=\"767896c\" data-element_type=\"section\">\r\n\t\t\r\n\t\t\t\t\t\t\t<div class=\"elementor-container elementor-column-gap-default\">\r\n\t\t\t\t\t\t\t\t\t\t\t<div class=\"elementor-column elementor-col-100 elementor-top-column elementor-element elementor-element-a296dda\" data-id=\"a296dda\" data-element_type=\"column\">\r\n\t\t\t\t\t<div class=\"elementor-widget-wrap elementor-element-populated\">\r\n\t\t\t\t\t\t\t\t<div class=\"elementor-element elementor-element-1a52924 elementor-widget elementor-widget-text-editor\" data-id=\"1a52924\" data-element_type=\"widget\" data-widget_type=\"text-editor.default\">\n\t\t\t\t<div class=\"elementor-widget-container\">\n\t\t\t\t\t\t\t\t\t<h3>COMPRA Cartera electr\u00f3nica del estudiante<\/h3>\n<ul>\n<li>\n<h3><strong><a href=\"https:\/\/slyms.expertprojects.eu\/view\/view.php?id=86\" target=\"_blank\" rel=\"noopener\">Jaden Gomes<\/a><\/strong><\/h3>\n<\/li>\n<li>\n<h3><strong><a href=\"https:\/\/slyms.expertprojects.eu\/view\/view.php?t=G2436YVhAEbDqPaZTwe0\" target=\"_blank\" rel=\"noopener\">Catherine Streich<\/a><\/strong><\/h3>\n<\/li>\n<li>\n<h3><strong><a href=\"https:\/\/slyms.expertprojects.eu\/view\/view.php?id=92\" target=\"_blank\" rel=\"noopener\">Equipo PT de la Universitat Pompeu Fabra<\/a><\/strong><\/h3>\n<\/li>\n<\/ul>\n\t\t\t\t\t\t\t\t<\/div>\n\t\t\t\t<\/div>\n\t\t\t\t\t<\/div>\r\n\t\t\t\t<\/div>\r\n\t\t\t\t\t<\/div>\r\n\t\t\t\t<\/section>\r\n\t\t\t\t<\/div>\n\t\t","protected":false},"excerpt":{"rendered":"<p>Mahara para la implantaci\u00f3n de ePortfolios https:\/\/www.youtube.com\/watch?v=VeS1iqQ6VIc Una cartera electr\u00f3nica es un escaparate p\u00fablico para mostrar los logros personales. Ser\u00e1 una colecci\u00f3n digital de trabajos que reflejen el esfuerzo, el progreso, los logros y las competencias adquiridas a trav\u00e9s de las actividades del proyecto. Los estudiantes y las personas en formaci\u00f3n tendr\u00e1n acceso a un [&hellip;]<\/p>\n","protected":false},"author":2,"featured_media":0,"parent":0,"menu_order":0,"comment_status":"closed","ping_status":"closed","template":"","meta":{"content-type":"","footnotes":""},"class_list":["post-1929","page","type-page","status-publish","hentry"],"_links":{"self":[{"href":"https:\/\/compra.uth.gr\/es\/wp-json\/wp\/v2\/pages\/1929","targetHints":{"allow":["GET"]}}],"collection":[{"href":"https:\/\/compra.uth.gr\/es\/wp-json\/wp\/v2\/pages"}],"about":[{"href":"https:\/\/compra.uth.gr\/es\/wp-json\/wp\/v2\/types\/page"}],"author":[{"embeddable":true,"href":"https:\/\/compra.uth.gr\/es\/wp-json\/wp\/v2\/users\/2"}],"replies":[{"embeddable":true,"href":"https:\/\/compra.uth.gr\/es\/wp-json\/wp\/v2\/comments?post=1929"}],"version-history":[{"count":1,"href":"https:\/\/compra.uth.gr\/es\/wp-json\/wp\/v2\/pages\/1929\/revisions"}],"predecessor-version":[{"id":1930,"href":"https:\/\/compra.uth.gr\/es\/wp-json\/wp\/v2\/pages\/1929\/revisions\/1930"}],"wp:attachment":[{"href":"https:\/\/compra.uth.gr\/es\/wp-json\/wp\/v2\/media?parent=1929"}],"curies":[{"name":"wp","href":"https:\/\/api.w.org\/{rel}","templated":true}]}}