{"id":1602,"date":"2023-01-06T17:07:37","date_gmt":"2023-01-06T14:07:37","guid":{"rendered":"https:\/\/compra.uth.gr\/kursused\/"},"modified":"2023-10-06T21:37:48","modified_gmt":"2023-10-06T18:37:48","slug":"kursused","status":"publish","type":"page","link":"https:\/\/compra.uth.gr\/et\/kursused\/","title":{"rendered":"Kursused"},"content":{"rendered":"\t\t<div data-elementor-type=\"wp-page\" data-elementor-id=\"1602\" class=\"elementor elementor-1602 elementor-14\">\n\t\t\t\t\t\t<section class=\"elementor-section elementor-top-section elementor-element elementor-element-93cbd92 elementor-section-boxed elementor-section-height-default elementor-section-height-default\" data-id=\"93cbd92\" data-element_type=\"section\">\r\n\t\t\r\n\t\t\t\t\t\t\t<div class=\"elementor-container elementor-column-gap-default\">\r\n\t\t\t\t\t\t\t\t\t\t\t<div class=\"elementor-column elementor-col-100 elementor-top-column elementor-element elementor-element-10fb4eb\" data-id=\"10fb4eb\" data-element_type=\"column\">\r\n\t\t\t\t\t<div class=\"elementor-widget-wrap elementor-element-populated\">\r\n\t\t\t\t\t\t\t\t<div class=\"elementor-element elementor-element-8d0241e elementor-widget elementor-widget-porto_portfolios\" data-id=\"8d0241e\" data-element_type=\"widget\" data-widget_type=\"porto_portfolios.default\">\n\t\t\t\t<div class=\"elementor-widget-container\">\n\t\t\t\t\t<div class=\"porto-portfolios porto-portfoliosxn92 wpb_content_element  porto-portfolio-d751713988987e9331980363e24189ce\">\r\n\t<div class=\"page-portfolios clearfix portfolios-grid\" id=\"porto_portfolios_ha6f\">\r\n\r\n\t\r\n\t\t\t<ul class=\"portfolio-filter nav sort-source nav-pills\">\r\n\t\t\t<li class=\"active\" data-filter=\"*\"><a href=\"#\">Show All<\/a><\/li>\r\n\t\t\t\t\t\t\t<li data-filter=\"tehnoloogia\"><a href=\"#\">Tehnoloogia<\/a><\/li>\r\n\t\t\t\t\t\t\t<li data-filter=\"suhtlemine\"><a href=\"#\">Suhtlemine<\/a><\/li>\r\n\t\t\t\t\t\t\t<li data-filter=\"hariduse-noorte-ja-lapsepolve-sotsioloogia\"><a href=\"#\">Hariduse, noorte ja lapsep\u00f5lve sotsioloogia<\/a><\/li>\r\n\t\t\t\t\t\t\t<li data-filter=\"sissejuhatus\"><a href=\"#\">Sissejuhatus<\/a><\/li>\r\n\t\t\t\t\t<\/ul>\r\n\t\t\t\t\t<hr>\r\n\t\t\t\r\n\t\t\t<div class=\"portfolios-container portfolio-row portfolio-row-3 classic\">\r\n\r\n\t\r\n\t\t<article class=\"portfolio portfolio-grid portfolio-col-3 sissejuhatus post-2102 type-portfolio status-publish has-post-thumbnail hentry portfolio_cat-sissejuhatus\">\n\t\t<h3 class=\"entry-title\" style=\"display: none;\">Sissejuhatav moodul: Hariduse \u00fchisvara<\/h3><span class=\"vcard\" style=\"display: none;\"><span class=\"fn\"><a href=\"https:\/\/compra.uth.gr\/et\/author\/itprojadmin\/\" title=\"IT Administrator tehtud postitused\" rel=\"author\">IT Administrator<\/a><\/span><\/span><span class=\"updated\" style=\"display:none\">2023-10-06T21:23:30+03:00<\/span>\t\t<div class=\"portfolio-item default\">\n\t\t\t\n\t\t\t<a class=\"text-decoration-none portfolio-link\" href=\"https:\/\/compra.uth.gr\/et\/course\/sissejuhatav-moodul-hariduse-uhisvara\/\">\n\t\t\t\t<span class=\"thumb-info thumb-info-lighten\">\n\t\t\t\t\t<span class=\"thumb-info-wrapper\">\n\t\t\t\t\t\t\t\t\t\t\t\t\t\t\t<img fetchpriority=\"high\" decoding=\"async\" class=\"img-responsive\" src=\"https:\/\/compra.uth.gr\/wp-content\/uploads\/2022\/12\/Module10.jpg\" alt=\"\" width=\"263\" height=\"201\" \/>\n\t\t\t\t\t\t\t\t\t\n\t\t\t\t\t\t\n\t\t\t\t\t\t\n\t\t\t\t\t\t\t\t\t\t\t\t\t\t\t\t<span class=\"thumb-info-title\">\n\n\t\t\t\t\t\t\t\t\t\t<span class=\"thumb-info-inner\">Sissejuhatav moodul: Hariduse \u00fchisvara<\/span>\n\n\t\t\t\t\t\t\t\t\t\t\t\t\t\t\t\t\t\t\t\t\t<span class=\"thumb-info-type\">Sissejuhatus<\/span>\n\t\t\t\t\t\t\t\t\t\t\n\t\t\t\t\t\t\t\t\t<\/span>\n\t\t\t\t\t\t\t\t\t\t\t\t\t\t\t\t\t\t\t\t\t\t\t\t\t\t\t<span class=\"thumb-info-action\">\n\t\t\t\t\t\t\t\t\t\t\t\t\t\t\t\t\t<span class=\"thumb-info-action-icon thumb-info-action-icon-dark opacity-8\"><i class=\"fa fa-link\"><\/i><\/span>\n\t\t\t\t\t\t\t\t\t\t\t\t\t\t\t\t\t\t\t\t\t\t\t<\/span>\n\t\t\t\t\t\t\t\t\t\t\t\t\t\t\t\t\t<\/span>\n\t\t\t\t<\/span>\n\t\t\t<\/a>\n\t\t\t\t\t\t\t\t<\/div>\n\t<\/article>\n\t\t<article class=\"portfolio portfolio-grid portfolio-col-3 hariduse-noorte-ja-lapsepolve-sotsioloogia post-2096 type-portfolio status-publish has-post-thumbnail hentry portfolio_cat-hariduse-noorte-ja-lapsepolve-sotsioloogia\">\n\t\t<h3 class=\"entry-title\" style=\"display: none;\">1. moodul. Eksperimentalism, demokraatia ja hariduse \u00fchisosa<\/h3><span class=\"vcard\" style=\"display: none;\"><span class=\"fn\"><a href=\"https:\/\/compra.uth.gr\/et\/author\/itprojadmin\/\" title=\"IT Administrator tehtud postitused\" rel=\"author\">IT Administrator<\/a><\/span><\/span><span class=\"updated\" style=\"display:none\">2023-10-06T21:23:08+03:00<\/span>\t\t<div class=\"portfolio-item default\">\n\t\t\t\n\t\t\t<a class=\"text-decoration-none portfolio-link\" href=\"https:\/\/compra.uth.gr\/et\/course\/1-moodul-eksperimentalism-demokraatia-ja-hariduse-uhisosa\/\">\n\t\t\t\t<span class=\"thumb-info thumb-info-lighten\">\n\t\t\t\t\t<span class=\"thumb-info-wrapper\">\n\t\t\t\t\t\t\t\t\t\t\t\t\t\t\t<img decoding=\"async\" class=\"img-responsive\" src=\"https:\/\/compra.uth.gr\/wp-content\/uploads\/2022\/12\/Module13.jpg\" alt=\"\" width=\"263\" height=\"201\" \/>\n\t\t\t\t\t\t\t\t\t\n\t\t\t\t\t\t\n\t\t\t\t\t\t\n\t\t\t\t\t\t\t\t\t\t\t\t\t\t\t\t<span class=\"thumb-info-title\">\n\n\t\t\t\t\t\t\t\t\t\t<span class=\"thumb-info-inner\">1. moodul. Eksperimentalism, demokraatia ja hariduse \u00fchisosa<\/span>\n\n\t\t\t\t\t\t\t\t\t\t\t\t\t\t\t\t\t\t\t\t\t<span class=\"thumb-info-type\">Hariduse, noorte ja lapsep\u00f5lve sotsioloogia<\/span>\n\t\t\t\t\t\t\t\t\t\t\n\t\t\t\t\t\t\t\t\t<\/span>\n\t\t\t\t\t\t\t\t\t\t\t\t\t\t\t\t\t\t\t\t\t\t\t\t\t\t\t<span class=\"thumb-info-action\">\n\t\t\t\t\t\t\t\t\t\t\t\t\t\t\t\t\t<span class=\"thumb-info-action-icon thumb-info-action-icon-dark opacity-8\"><i class=\"fa fa-link\"><\/i><\/span>\n\t\t\t\t\t\t\t\t\t\t\t\t\t\t\t\t\t\t\t\t\t\t\t<\/span>\n\t\t\t\t\t\t\t\t\t\t\t\t\t\t\t\t\t<\/span>\n\t\t\t\t<\/span>\n\t\t\t<\/a>\n\t\t\t\t\t\t\t\t<\/div>\n\t<\/article>\n\t\t<article class=\"portfolio portfolio-grid portfolio-col-3 hariduse-noorte-ja-lapsepolve-sotsioloogia post-2094 type-portfolio status-publish has-post-thumbnail hentry portfolio_cat-hariduse-noorte-ja-lapsepolve-sotsioloogia\">\n\t\t<h3 class=\"entry-title\" style=\"display: none;\">2. moodul. Hooldus, risk, kogukond ja haridus<\/h3><span class=\"vcard\" style=\"display: none;\"><span class=\"fn\"><a href=\"https:\/\/compra.uth.gr\/et\/author\/itprojadmin\/\" title=\"IT Administrator tehtud postitused\" rel=\"author\">IT Administrator<\/a><\/span><\/span><span class=\"updated\" style=\"display:none\">2023-10-06T21:22:35+03:00<\/span>\t\t<div class=\"portfolio-item default\">\n\t\t\t\n\t\t\t<a class=\"text-decoration-none portfolio-link\" href=\"https:\/\/compra.uth.gr\/et\/course\/2-moodul-hooldus-risk-kogukond-ja-haridus\/\">\n\t\t\t\t<span class=\"thumb-info thumb-info-lighten\">\n\t\t\t\t\t<span class=\"thumb-info-wrapper\">\n\t\t\t\t\t\t\t\t\t\t\t\t\t\t\t<img decoding=\"async\" class=\"img-responsive\" src=\"https:\/\/compra.uth.gr\/wp-content\/uploads\/2022\/12\/Module9.jpg\" alt=\"\" width=\"263\" height=\"201\" \/>\n\t\t\t\t\t\t\t\t\t\n\t\t\t\t\t\t\n\t\t\t\t\t\t\n\t\t\t\t\t\t\t\t\t\t\t\t\t\t\t\t<span class=\"thumb-info-title\">\n\n\t\t\t\t\t\t\t\t\t\t<span class=\"thumb-info-inner\">2. moodul. Hooldus, risk, kogukond ja haridus<\/span>\n\n\t\t\t\t\t\t\t\t\t\t\t\t\t\t\t\t\t\t\t\t\t<span class=\"thumb-info-type\">Hariduse, noorte ja lapsep\u00f5lve sotsioloogia<\/span>\n\t\t\t\t\t\t\t\t\t\t\n\t\t\t\t\t\t\t\t\t<\/span>\n\t\t\t\t\t\t\t\t\t\t\t\t\t\t\t\t\t\t\t\t\t\t\t\t\t\t\t<span class=\"thumb-info-action\">\n\t\t\t\t\t\t\t\t\t\t\t\t\t\t\t\t\t<span class=\"thumb-info-action-icon thumb-info-action-icon-dark opacity-8\"><i class=\"fa fa-link\"><\/i><\/span>\n\t\t\t\t\t\t\t\t\t\t\t\t\t\t\t\t\t\t\t\t\t\t\t<\/span>\n\t\t\t\t\t\t\t\t\t\t\t\t\t\t\t\t\t<\/span>\n\t\t\t\t<\/span>\n\t\t\t<\/a>\n\t\t\t\t\t\t\t\t<\/div>\n\t<\/article>\n\t\t<article class=\"portfolio portfolio-grid portfolio-col-3 hariduse-noorte-ja-lapsepolve-sotsioloogia post-2092 type-portfolio status-publish has-post-thumbnail hentry portfolio_cat-hariduse-noorte-ja-lapsepolve-sotsioloogia\">\n\t\t<h3 class=\"entry-title\" style=\"display: none;\">3. moodul. Lapsep\u00f5lve ja nooruse konteksti muutumine globaliseerunud maailmas<\/h3><span class=\"vcard\" style=\"display: none;\"><span class=\"fn\"><a href=\"https:\/\/compra.uth.gr\/et\/author\/itprojadmin\/\" title=\"IT Administrator tehtud postitused\" rel=\"author\">IT Administrator<\/a><\/span><\/span><span class=\"updated\" style=\"display:none\">2023-10-06T21:22:13+03:00<\/span>\t\t<div class=\"portfolio-item default\">\n\t\t\t\n\t\t\t<a class=\"text-decoration-none portfolio-link\" href=\"https:\/\/compra.uth.gr\/et\/course\/3-moodul-lapsepolve-ja-nooruse-konteksti-muutumine-globaliseerunud-maailmas\/\">\n\t\t\t\t<span class=\"thumb-info thumb-info-lighten\">\n\t\t\t\t\t<span class=\"thumb-info-wrapper\">\n\t\t\t\t\t\t\t\t\t\t\t\t\t\t\t<img loading=\"lazy\" decoding=\"async\" class=\"img-responsive\" src=\"https:\/\/compra.uth.gr\/wp-content\/uploads\/2022\/12\/Module4.jpg\" alt=\"\" width=\"263\" height=\"201\" \/>\n\t\t\t\t\t\t\t\t\t\n\t\t\t\t\t\t\n\t\t\t\t\t\t\n\t\t\t\t\t\t\t\t\t\t\t\t\t\t\t\t<span class=\"thumb-info-title\">\n\n\t\t\t\t\t\t\t\t\t\t<span class=\"thumb-info-inner\">3. moodul. Lapsep\u00f5lve ja nooruse konteksti muutumine globaliseerunud maailmas<\/span>\n\n\t\t\t\t\t\t\t\t\t\t\t\t\t\t\t\t\t\t\t\t\t<span class=\"thumb-info-type\">Hariduse, noorte ja lapsep\u00f5lve sotsioloogia<\/span>\n\t\t\t\t\t\t\t\t\t\t\n\t\t\t\t\t\t\t\t\t<\/span>\n\t\t\t\t\t\t\t\t\t\t\t\t\t\t\t\t\t\t\t\t\t\t\t\t\t\t\t<span class=\"thumb-info-action\">\n\t\t\t\t\t\t\t\t\t\t\t\t\t\t\t\t\t<span class=\"thumb-info-action-icon thumb-info-action-icon-dark opacity-8\"><i class=\"fa fa-link\"><\/i><\/span>\n\t\t\t\t\t\t\t\t\t\t\t\t\t\t\t\t\t\t\t\t\t\t\t<\/span>\n\t\t\t\t\t\t\t\t\t\t\t\t\t\t\t\t\t<\/span>\n\t\t\t\t<\/span>\n\t\t\t<\/a>\n\t\t\t\t\t\t\t\t<\/div>\n\t<\/article>\n\t\t<article class=\"portfolio portfolio-grid portfolio-col-3 suhtlemine post-2090 type-portfolio status-publish has-post-thumbnail hentry portfolio_cat-suhtlemine\">\n\t\t<h3 class=\"entry-title\" style=\"display: none;\">4. moodul. Konfliktide lahendamine, otsustusprotsessid ja suhtlemisoskus<\/h3><span class=\"vcard\" style=\"display: none;\"><span class=\"fn\"><a href=\"https:\/\/compra.uth.gr\/et\/author\/itprojadmin\/\" title=\"IT Administrator tehtud postitused\" rel=\"author\">IT Administrator<\/a><\/span><\/span><span class=\"updated\" style=\"display:none\">2023-10-06T21:21:50+03:00<\/span>\t\t<div class=\"portfolio-item default\">\n\t\t\t\n\t\t\t<a class=\"text-decoration-none portfolio-link\" href=\"https:\/\/compra.uth.gr\/et\/course\/4-moodul-konfliktide-lahendamine-otsustusprotsessid-ja-suhtlemisoskus\/\">\n\t\t\t\t<span class=\"thumb-info thumb-info-lighten\">\n\t\t\t\t\t<span class=\"thumb-info-wrapper\">\n\t\t\t\t\t\t\t\t\t\t\t\t\t\t\t<img loading=\"lazy\" decoding=\"async\" class=\"img-responsive\" src=\"https:\/\/compra.uth.gr\/wp-content\/uploads\/2022\/12\/Module2.jpg\" alt=\"\" width=\"263\" height=\"201\" \/>\n\t\t\t\t\t\t\t\t\t\n\t\t\t\t\t\t\n\t\t\t\t\t\t\n\t\t\t\t\t\t\t\t\t\t\t\t\t\t\t\t<span class=\"thumb-info-title\">\n\n\t\t\t\t\t\t\t\t\t\t<span class=\"thumb-info-inner\">4. moodul. Konfliktide lahendamine, otsustusprotsessid ja suhtlemisoskus<\/span>\n\n\t\t\t\t\t\t\t\t\t\t\t\t\t\t\t\t\t\t\t\t\t<span class=\"thumb-info-type\">Suhtlemine<\/span>\n\t\t\t\t\t\t\t\t\t\t\n\t\t\t\t\t\t\t\t\t<\/span>\n\t\t\t\t\t\t\t\t\t\t\t\t\t\t\t\t\t\t\t\t\t\t\t\t\t\t\t<span class=\"thumb-info-action\">\n\t\t\t\t\t\t\t\t\t\t\t\t\t\t\t\t\t<span class=\"thumb-info-action-icon thumb-info-action-icon-dark opacity-8\"><i class=\"fa fa-link\"><\/i><\/span>\n\t\t\t\t\t\t\t\t\t\t\t\t\t\t\t\t\t\t\t\t\t\t\t<\/span>\n\t\t\t\t\t\t\t\t\t\t\t\t\t\t\t\t\t<\/span>\n\t\t\t\t<\/span>\n\t\t\t<\/a>\n\t\t\t\t\t\t\t\t<\/div>\n\t<\/article>\n\t\t<article class=\"portfolio portfolio-grid portfolio-col-3 suhtlemine post-2088 type-portfolio status-publish has-post-thumbnail hentry portfolio_cat-suhtlemine\">\n\t\t<h3 class=\"entry-title\" style=\"display: none;\">5. moodul. Kultuuride ja p\u00f5lvkondadevaheline suhtlus ja kogukond<\/h3><span class=\"vcard\" style=\"display: none;\"><span class=\"fn\"><a href=\"https:\/\/compra.uth.gr\/et\/author\/itprojadmin\/\" title=\"IT Administrator tehtud postitused\" rel=\"author\">IT Administrator<\/a><\/span><\/span><span class=\"updated\" style=\"display:none\">2023-10-06T21:21:24+03:00<\/span>\t\t<div class=\"portfolio-item default\">\n\t\t\t\n\t\t\t<a class=\"text-decoration-none portfolio-link\" href=\"https:\/\/compra.uth.gr\/et\/course\/5-moodul-kultuuride-ja-polvkondadevaheline-suhtlus-ja-kogukond\/\">\n\t\t\t\t<span class=\"thumb-info thumb-info-lighten\">\n\t\t\t\t\t<span class=\"thumb-info-wrapper\">\n\t\t\t\t\t\t\t\t\t\t\t\t\t\t\t<img loading=\"lazy\" decoding=\"async\" class=\"img-responsive\" src=\"https:\/\/compra.uth.gr\/wp-content\/uploads\/2018\/05\/course-6.jpg\" alt=\"\" width=\"263\" height=\"201\" \/>\n\t\t\t\t\t\t\t\t\t\n\t\t\t\t\t\t\n\t\t\t\t\t\t\n\t\t\t\t\t\t\t\t\t\t\t\t\t\t\t\t<span class=\"thumb-info-title\">\n\n\t\t\t\t\t\t\t\t\t\t<span class=\"thumb-info-inner\">5. moodul. Kultuuride ja p\u00f5lvkondadevaheline suhtlus ja kogukond<\/span>\n\n\t\t\t\t\t\t\t\t\t\t\t\t\t\t\t\t\t\t\t\t\t<span class=\"thumb-info-type\">Suhtlemine<\/span>\n\t\t\t\t\t\t\t\t\t\t\n\t\t\t\t\t\t\t\t\t<\/span>\n\t\t\t\t\t\t\t\t\t\t\t\t\t\t\t\t\t\t\t\t\t\t\t\t\t\t\t<span class=\"thumb-info-action\">\n\t\t\t\t\t\t\t\t\t\t\t\t\t\t\t\t\t<span class=\"thumb-info-action-icon thumb-info-action-icon-dark opacity-8\"><i class=\"fa fa-link\"><\/i><\/span>\n\t\t\t\t\t\t\t\t\t\t\t\t\t\t\t\t\t\t\t\t\t\t\t<\/span>\n\t\t\t\t\t\t\t\t\t\t\t\t\t\t\t\t\t<\/span>\n\t\t\t\t<\/span>\n\t\t\t<\/a>\n\t\t\t\t\t\t\t\t<\/div>\n\t<\/article>\n\t\t<article class=\"portfolio portfolio-grid portfolio-col-3 suhtlemine post-2086 type-portfolio status-publish has-post-thumbnail hentry portfolio_cat-suhtlemine\">\n\t\t<h3 class=\"entry-title\" style=\"display: none;\">6. moodul. Meedia ja \u00fchisvara kujutlusv\u00f5ime<\/h3><span class=\"vcard\" style=\"display: none;\"><span class=\"fn\"><a href=\"https:\/\/compra.uth.gr\/et\/author\/itprojadmin\/\" title=\"IT Administrator tehtud postitused\" rel=\"author\">IT Administrator<\/a><\/span><\/span><span class=\"updated\" style=\"display:none\">2023-10-06T21:20:48+03:00<\/span>\t\t<div class=\"portfolio-item default\">\n\t\t\t\n\t\t\t<a class=\"text-decoration-none portfolio-link\" href=\"https:\/\/compra.uth.gr\/et\/course\/6-moodul-meedia-ja-uhisvara-kujutlusvoime\/\">\n\t\t\t\t<span class=\"thumb-info thumb-info-lighten\">\n\t\t\t\t\t<span class=\"thumb-info-wrapper\">\n\t\t\t\t\t\t\t\t\t\t\t\t\t\t\t<img loading=\"lazy\" decoding=\"async\" class=\"img-responsive\" src=\"https:\/\/compra.uth.gr\/wp-content\/uploads\/2022\/12\/Module12.jpg\" alt=\"\" width=\"263\" height=\"201\" \/>\n\t\t\t\t\t\t\t\t\t\n\t\t\t\t\t\t\n\t\t\t\t\t\t\n\t\t\t\t\t\t\t\t\t\t\t\t\t\t\t\t<span class=\"thumb-info-title\">\n\n\t\t\t\t\t\t\t\t\t\t<span class=\"thumb-info-inner\">6. moodul. Meedia ja \u00fchisvara kujutlusv\u00f5ime<\/span>\n\n\t\t\t\t\t\t\t\t\t\t\t\t\t\t\t\t\t\t\t\t\t<span class=\"thumb-info-type\">Suhtlemine<\/span>\n\t\t\t\t\t\t\t\t\t\t\n\t\t\t\t\t\t\t\t\t<\/span>\n\t\t\t\t\t\t\t\t\t\t\t\t\t\t\t\t\t\t\t\t\t\t\t\t\t\t\t<span class=\"thumb-info-action\">\n\t\t\t\t\t\t\t\t\t\t\t\t\t\t\t\t\t<span class=\"thumb-info-action-icon thumb-info-action-icon-dark opacity-8\"><i class=\"fa fa-link\"><\/i><\/span>\n\t\t\t\t\t\t\t\t\t\t\t\t\t\t\t\t\t\t\t\t\t\t\t<\/span>\n\t\t\t\t\t\t\t\t\t\t\t\t\t\t\t\t\t<\/span>\n\t\t\t\t<\/span>\n\t\t\t<\/a>\n\t\t\t\t\t\t\t\t<\/div>\n\t<\/article>\n\t\t<article class=\"portfolio portfolio-grid portfolio-col-3 tehnoloogia post-2084 type-portfolio status-publish has-post-thumbnail hentry portfolio_cat-tehnoloogia\">\n\t\t<h3 class=\"entry-title\" style=\"display: none;\">7. moodul. Tehnoloogia ja peer-to-peer \u00fchiskasutatavad tavad<\/h3><span class=\"vcard\" style=\"display: none;\"><span class=\"fn\"><a href=\"https:\/\/compra.uth.gr\/et\/author\/itprojadmin\/\" title=\"IT Administrator tehtud postitused\" rel=\"author\">IT Administrator<\/a><\/span><\/span><span class=\"updated\" style=\"display:none\">2023-10-06T21:20:28+03:00<\/span>\t\t<div class=\"portfolio-item default\">\n\t\t\t\n\t\t\t<a class=\"text-decoration-none portfolio-link\" href=\"https:\/\/compra.uth.gr\/et\/course\/7-moodul-tehnoloogia-ja-peer-to-peer-uhiskasutatavad-tavad\/\">\n\t\t\t\t<span class=\"thumb-info thumb-info-lighten\">\n\t\t\t\t\t<span class=\"thumb-info-wrapper\">\n\t\t\t\t\t\t\t\t\t\t\t\t\t\t\t<img loading=\"lazy\" decoding=\"async\" class=\"img-responsive\" src=\"https:\/\/compra.uth.gr\/wp-content\/uploads\/2018\/05\/course-3.jpg\" alt=\"\" width=\"263\" height=\"201\" \/>\n\t\t\t\t\t\t\t\t\t\n\t\t\t\t\t\t\n\t\t\t\t\t\t\n\t\t\t\t\t\t\t\t\t\t\t\t\t\t\t\t<span class=\"thumb-info-title\">\n\n\t\t\t\t\t\t\t\t\t\t<span class=\"thumb-info-inner\">7. moodul. Tehnoloogia ja peer-to-peer \u00fchiskasutatavad tavad<\/span>\n\n\t\t\t\t\t\t\t\t\t\t\t\t\t\t\t\t\t\t\t\t\t<span class=\"thumb-info-type\">Tehnoloogia<\/span>\n\t\t\t\t\t\t\t\t\t\t\n\t\t\t\t\t\t\t\t\t<\/span>\n\t\t\t\t\t\t\t\t\t\t\t\t\t\t\t\t\t\t\t\t\t\t\t\t\t\t\t<span class=\"thumb-info-action\">\n\t\t\t\t\t\t\t\t\t\t\t\t\t\t\t\t\t<span class=\"thumb-info-action-icon thumb-info-action-icon-dark opacity-8\"><i class=\"fa fa-link\"><\/i><\/span>\n\t\t\t\t\t\t\t\t\t\t\t\t\t\t\t\t\t\t\t\t\t\t\t<\/span>\n\t\t\t\t\t\t\t\t\t\t\t\t\t\t\t\t\t<\/span>\n\t\t\t\t<\/span>\n\t\t\t<\/a>\n\t\t\t\t\t\t\t\t<\/div>\n\t<\/article>\n\t\t<article class=\"portfolio portfolio-grid portfolio-col-3 tehnoloogia post-2082 type-portfolio status-publish has-post-thumbnail hentry portfolio_cat-tehnoloogia\">\n\t\t<h3 class=\"entry-title\" style=\"display: none;\">8. moodul. Hariduse \u00fchisplatvormid ja t\u00f6\u00f6riistad<\/h3><span class=\"vcard\" style=\"display: none;\"><span class=\"fn\"><a href=\"https:\/\/compra.uth.gr\/et\/author\/itprojadmin\/\" title=\"IT Administrator tehtud postitused\" rel=\"author\">IT Administrator<\/a><\/span><\/span><span class=\"updated\" style=\"display:none\">2023-10-06T21:19:49+03:00<\/span>\t\t<div class=\"portfolio-item default\">\n\t\t\t\n\t\t\t<a class=\"text-decoration-none portfolio-link\" href=\"https:\/\/compra.uth.gr\/et\/course\/8-moodul-hariduse-uhisplatvormid-ja-tooriistad\/\">\n\t\t\t\t<span class=\"thumb-info thumb-info-lighten\">\n\t\t\t\t\t<span class=\"thumb-info-wrapper\">\n\t\t\t\t\t\t\t\t\t\t\t\t\t\t\t<img loading=\"lazy\" decoding=\"async\" class=\"img-responsive\" src=\"https:\/\/compra.uth.gr\/wp-content\/uploads\/2022\/12\/Module7.jpg\" alt=\"\" width=\"263\" height=\"201\" \/>\n\t\t\t\t\t\t\t\t\t\n\t\t\t\t\t\t\n\t\t\t\t\t\t\n\t\t\t\t\t\t\t\t\t\t\t\t\t\t\t\t<span class=\"thumb-info-title\">\n\n\t\t\t\t\t\t\t\t\t\t<span class=\"thumb-info-inner\">8. moodul. Hariduse \u00fchisplatvormid ja t\u00f6\u00f6riistad<\/span>\n\n\t\t\t\t\t\t\t\t\t\t\t\t\t\t\t\t\t\t\t\t\t<span class=\"thumb-info-type\">Tehnoloogia<\/span>\n\t\t\t\t\t\t\t\t\t\t\n\t\t\t\t\t\t\t\t\t<\/span>\n\t\t\t\t\t\t\t\t\t\t\t\t\t\t\t\t\t\t\t\t\t\t\t\t\t\t\t<span class=\"thumb-info-action\">\n\t\t\t\t\t\t\t\t\t\t\t\t\t\t\t\t\t<span class=\"thumb-info-action-icon thumb-info-action-icon-dark opacity-8\"><i class=\"fa fa-link\"><\/i><\/span>\n\t\t\t\t\t\t\t\t\t\t\t\t\t\t\t\t\t\t\t\t\t\t\t<\/span>\n\t\t\t\t\t\t\t\t\t\t\t\t\t\t\t\t\t<\/span>\n\t\t\t\t<\/span>\n\t\t\t<\/a>\n\t\t\t\t\t\t\t\t<\/div>\n\t<\/article>\n\t\t<article class=\"portfolio portfolio-grid portfolio-col-3 tehnoloogia post-2080 type-portfolio status-publish has-post-thumbnail hentry portfolio_cat-tehnoloogia\">\n\t\t<h3 class=\"entry-title\" style=\"display: none;\">9. moodul. Identiteedid ja riskid digitaliseeritud \u00fchisversioonis<\/h3><span class=\"vcard\" style=\"display: none;\"><span class=\"fn\"><a href=\"https:\/\/compra.uth.gr\/et\/author\/itprojadmin\/\" title=\"IT Administrator tehtud postitused\" rel=\"author\">IT Administrator<\/a><\/span><\/span><span class=\"updated\" style=\"display:none\">2023-10-06T21:19:00+03:00<\/span>\t\t<div class=\"portfolio-item default\">\n\t\t\t\n\t\t\t<a class=\"text-decoration-none portfolio-link\" href=\"https:\/\/compra.uth.gr\/et\/course\/9-moodul-identiteedid-ja-riskid-digitaliseeritud-uhisversioonis\/\">\n\t\t\t\t<span class=\"thumb-info thumb-info-lighten\">\n\t\t\t\t\t<span class=\"thumb-info-wrapper\">\n\t\t\t\t\t\t\t\t\t\t\t\t\t\t\t<img loading=\"lazy\" decoding=\"async\" class=\"img-responsive\" src=\"https:\/\/compra.uth.gr\/wp-content\/uploads\/2022\/12\/Module5.jpg\" alt=\"\" width=\"263\" height=\"201\" \/>\n\t\t\t\t\t\t\t\t\t\n\t\t\t\t\t\t\n\t\t\t\t\t\t\n\t\t\t\t\t\t\t\t\t\t\t\t\t\t\t\t<span class=\"thumb-info-title\">\n\n\t\t\t\t\t\t\t\t\t\t<span class=\"thumb-info-inner\">9. moodul. Identiteedid ja riskid digitaliseeritud \u00fchisversioonis<\/span>\n\n\t\t\t\t\t\t\t\t\t\t\t\t\t\t\t\t\t\t\t\t\t<span class=\"thumb-info-type\">Tehnoloogia<\/span>\n\t\t\t\t\t\t\t\t\t\t\n\t\t\t\t\t\t\t\t\t<\/span>\n\t\t\t\t\t\t\t\t\t\t\t\t\t\t\t\t\t\t\t\t\t\t\t\t\t\t\t<span class=\"thumb-info-action\">\n\t\t\t\t\t\t\t\t\t\t\t\t\t\t\t\t\t<span class=\"thumb-info-action-icon thumb-info-action-icon-dark opacity-8\"><i class=\"fa fa-link\"><\/i><\/span>\n\t\t\t\t\t\t\t\t\t\t\t\t\t\t\t\t\t\t\t\t\t\t\t<\/span>\n\t\t\t\t\t\t\t\t\t\t\t\t\t\t\t\t\t<\/span>\n\t\t\t\t<\/span>\n\t\t\t<\/a>\n\t\t\t\t\t\t\t\t<\/div>\n\t<\/article>\n\t\r\n\t\r\n\t\r\n\t\t<\/div>\r\n\r\n\t\r\n\t\r\n\t<\/div>\r\n\r\n\t\r\n\t\r\n\t<\/div>\t\t\t\t<\/div>\n\t\t\t\t<\/div>\n\t\t\t\t\t<\/div>\r\n\t\t\t\t<\/div>\r\n\t\t\t\t\t<\/div>\r\n\t\t\t\t<\/section>\r\n\t\t\t\t<\/div>\n\t\t","protected":false},"excerpt":{"rendered":"<p>Show All Tehnoloogia Suhtlemine Hariduse, noorte ja lapsep\u00f5lve sotsioloogia Sissejuhatus Sissejuhatav moodul: Hariduse \u00fchisvara IT Administrator2023-10-06T21:23:30+03:00 Sissejuhatav moodul: Hariduse \u00fchisvara Sissejuhatus 1. moodul. Eksperimentalism, demokraatia ja hariduse \u00fchisosa IT Administrator2023-10-06T21:23:08+03:00 1. moodul. Eksperimentalism, demokraatia ja hariduse \u00fchisosa Hariduse, noorte ja lapsep\u00f5lve sotsioloogia 2. moodul. Hooldus, risk, kogukond ja haridus IT Administrator2023-10-06T21:22:35+03:00 2. moodul. Hooldus, risk, [&hellip;]<\/p>\n","protected":false},"author":1,"featured_media":0,"parent":0,"menu_order":0,"comment_status":"closed","ping_status":"closed","template":"","meta":{"content-type":"","footnotes":""},"class_list":["post-1602","page","type-page","status-publish","hentry"],"_links":{"self":[{"href":"https:\/\/compra.uth.gr\/et\/wp-json\/wp\/v2\/pages\/1602","targetHints":{"allow":["GET"]}}],"collection":[{"href":"https:\/\/compra.uth.gr\/et\/wp-json\/wp\/v2\/pages"}],"about":[{"href":"https:\/\/compra.uth.gr\/et\/wp-json\/wp\/v2\/types\/page"}],"author":[{"embeddable":true,"href":"https:\/\/compra.uth.gr\/et\/wp-json\/wp\/v2\/users\/1"}],"replies":[{"embeddable":true,"href":"https:\/\/compra.uth.gr\/et\/wp-json\/wp\/v2\/comments?post=1602"}],"version-history":[{"count":10,"href":"https:\/\/compra.uth.gr\/et\/wp-json\/wp\/v2\/pages\/1602\/revisions"}],"predecessor-version":[{"id":2122,"href":"https:\/\/compra.uth.gr\/et\/wp-json\/wp\/v2\/pages\/1602\/revisions\/2122"}],"wp:attachment":[{"href":"https:\/\/compra.uth.gr\/et\/wp-json\/wp\/v2\/media?parent=1602"}],"curies":[{"name":"wp","href":"https:\/\/api.w.org\/{rel}","templated":true}]}}