{"id":1613,"date":"2023-01-06T17:07:42","date_gmt":"2023-01-06T14:07:42","guid":{"rendered":"https:\/\/compra.uth.gr\/kodu\/"},"modified":"2023-10-02T23:38:05","modified_gmt":"2023-10-02T20:38:05","slug":"kodu","status":"publish","type":"page","link":"https:\/\/compra.uth.gr\/et\/","title":{"rendered":"Kodu"},"content":{"rendered":"\t\t<div data-elementor-type=\"wp-page\" data-elementor-id=\"1613\" class=\"elementor elementor-1613 elementor-5\">\n\t\t\t\t\t\t<section class=\"elementor-section elementor-top-section elementor-element elementor-element-3d9762bb elementor-section-boxed elementor-section-height-default elementor-section-height-default\" data-id=\"3d9762bb\" data-element_type=\"section\" data-settings=\"{&quot;background_background&quot;:&quot;classic&quot;}\">\r\n\t\t\r\n\t\t\t\t\t\t\t<div class=\"elementor-container elementor-column-gap-default\">\r\n\t\t\t\t\t\t\t\t\t\t\t<div class=\"elementor-column elementor-col-100 elementor-top-column elementor-element elementor-element-200f2106 elementor-invisible\" data-id=\"200f2106\" data-element_type=\"column\" data-settings=\"{&quot;animation&quot;:&quot;fadeInUp&quot;,&quot;animation_delay&quot;:&quot;1000&quot;}\">\r\n\t\t\t\t\t<div class=\"elementor-widget-wrap elementor-element-populated\">\r\n\t\t\t\t\t\t\t\t<div class=\"elementor-element elementor-element-73903e2 col-md-10  elementor-widget elementor-widget-porto_ultimate_heading\" data-id=\"73903e2\" data-element_type=\"widget\" data-widget_type=\"porto_ultimate_heading.default\">\n\t\t\t\t<div class=\"elementor-widget-container\">\n\t\t\t\t\t<div class=\"porto-u-heading  porto-u-55ca8359258f9a412be7e73af65d2aac\"><div class=\"porto-u-main-heading\"><h2    style=\"margin-bottom: 20px;\">ComPra kohta<\/h2><\/div><div class=\"porto-u-sub-heading\" style=\"margin-bottom:20px;\"><p>Projekti \"Commoning Practices\" (edaspidi \"ComPra\") l\u00fchiajalised koolituskursused tutvustavad \"commons\" kui alternatiivset v\u00e4\u00e4rtus- ja tegevuss\u00fcsteemi hariduse valdkonnas ning toovad kriitiliselt v\u00e4lja commons'i m\u00f5ju hariduse \u00fcmberkujundamisele, aktiivse sotsiaalse kaasamise v\u00f5imaldamisele ja k\u00f5igi heaolu edendamisele. Kommuunid on elavad ja d\u00fcnaamilised sotsiaalsed s\u00fcsteemid, mis arenevad erinevate kogukondade poolt loodud kollektiivse omandi\u00f5iguse ja ressursside v\u00f5i kaupade v\u00f5rdse haldamise v\u00e4\u00e4rtuste \u00fcmber, et tagada iga liikme elluj\u00e4\u00e4mine ja heaolu (Bollier &amp; Helfrich 2012). Inimesed, kes on aktsepteerinud \u00fchisosa loogikat, st \u00fchisosad, p\u00fc\u00fcavad luua sotsiaalse koost\u00f6\u00f6v\u00f5rgustiku, solidaarsuse, dialoogi, jagamise ja vastastikuse s\u00f5ltuvuse, mis \u00fchendab k\u00f5iki kogukonna liikmeid v\u00f5rdselt.<\/p><\/div><style>.porto-u-55ca8359258f9a412be7e73af65d2aac.porto-u-heading{text-align:center}<\/style><\/div>\t\t\t\t<\/div>\n\t\t\t\t<\/div>\n\t\t\t\t\t<\/div>\r\n\t\t\t\t<\/div>\r\n\t\t\t\t\t<\/div>\r\n\t\t\t\t<\/section>\r\n\t\t\t\t<section data-plugin-parallax=\"\" data-plugin-options=\"{&quot;speed&quot;: 1.5}\" class=\"elementor-section elementor-top-section elementor-element elementor-element-a1df600 elementor-section-boxed elementor-section-height-default elementor-section-height-default\" data-id=\"a1df600\" data-element_type=\"section\" data-settings=\"{&quot;background_background&quot;:&quot;classic&quot;}\">\r\n\t\t\r\n\t\t\t\t\t\t\t<div class=\"elementor-container elementor-column-gap-default\">\r\n\t\t\t\t\t\t\t\t\t\t\t<div class=\"elementor-column elementor-col-100 elementor-top-column elementor-element elementor-element-509bc4f col-md-9 col-xl-6 col-lg-7 elementor-invisible\" data-id=\"509bc4f\" data-element_type=\"column\" data-settings=\"{&quot;background_background&quot;:&quot;classic&quot;,&quot;animation&quot;:&quot;fadeInRight&quot;,&quot;animation_delay&quot;:&quot;100&quot;}\">\r\n\t\t\t\t\t<div class=\"elementor-widget-wrap elementor-element-populated\">\r\n\t\t\t\t\t\t\t\t<div class=\"elementor-element elementor-element-90d2c2d elementor-widget elementor-widget-porto_countdown\" data-id=\"90d2c2d\" data-element_type=\"widget\" data-widget_type=\"porto_countdown.default\">\n\t\t\t\t<div class=\"elementor-widget-container\">\n\t\t\t\t\t<div class=\"porto_countdown   porto-cd-s1\"><div class=\"porto_countdown-div porto_countdown-dateAndTime porto-usrtz count-down-wrap-d751713988987e9331980363e24189ce\" data-labels=\",,,Days,Hours,Min,Sec\" data-labels2=\",,,Day,Hour,Min,Sec\"  data-terminal-date=\"2023\/02\/02 13:00:00\" data-countformat=\"DHMS\" data-time-zone=\"3\" data-time-now=\"2026\/05\/03 00:02:36\"  data-tick-col=\"\" data-tick-p-col=\"\"  data-tick-style=\"\"  data-tick-p-style=\"\" ><span class=\"porto_countdown-row porto_countdown-show4\"><span class=\"porto_countdown-section\"><span class=\"porto_time-mid\"><span class=\"porto_countdown-amount\">00<\/span><span class=\"porto_countdown-period\">Days<\/span><\/span><\/span><span class=\"porto_countdown-section\"><span class=\"porto_time-mid\"><span class=\"porto_countdown-amount\">00<\/span><span class=\"porto_countdown-period\">Hours<\/span><\/span><\/span><span class=\"porto_countdown-section\"><span class=\"porto_time-mid\"><span class=\"porto_countdown-amount\">00<\/span><span class=\"porto_countdown-period\">Min<\/span><\/span><\/span><span class=\"porto_countdown-section\"><span class=\"porto_time-mid\"><span class=\"porto_countdown-amount\">00<\/span><span class=\"porto_countdown-period\">Sec<\/span><\/span><\/span><\/span><\/div><\/div>\t\t\t\t<\/div>\n\t\t\t\t<\/div>\n\t\t\t\t<div class=\"elementor-element elementor-element-b9020ca elementor-widget elementor-widget-porto_ultimate_heading\" data-id=\"b9020ca\" data-element_type=\"widget\" data-widget_type=\"porto_ultimate_heading.default\">\n\t\t\t\t<div class=\"elementor-widget-container\">\n\t\t\t\t\t<div class=\"porto-u-heading  porto-u-55ca8359258f9a412be7e73af65d2aac\"><div class=\"porto-u-main-heading\"><h2    style=\"margin-bottom: 5px;\">ComPra rahvusvaheline konverents<br>4. veebruar 2023<br>NOESIS - Teaduskeskus ja Tehnoloogiamuuseum, Thessaloniki, Kreeka<\/h2><\/div><div class=\"porto-u-sub-heading\" style=\"\"><p>Registreerimistasud puuduvad<\/p><p> <\/p><\/div><style>.porto-u-55ca8359258f9a412be7e73af65d2aac.porto-u-heading{text-align:center}<\/style><\/div>\t\t\t\t<\/div>\n\t\t\t\t<\/div>\n\t\t\t\t<div class=\"elementor-element elementor-element-90b2dec elementor-widget elementor-widget-shortcode\" data-id=\"90b2dec\" data-element_type=\"widget\" data-widget_type=\"shortcode.default\">\n\t\t\t\t<div class=\"elementor-widget-container\">\n\t\t\t\t\t\t\t<div class=\"elementor-shortcode\">\n<div class=\"wpcf7 no-js\" id=\"wpcf7-f203-o1\" lang=\"en-US\" dir=\"ltr\" data-wpcf7-id=\"203\">\n<div class=\"screen-reader-response\"><p role=\"status\" aria-live=\"polite\" aria-atomic=\"true\"><\/p> <ul><\/ul><\/div>\n<form action=\"\/et\/wp-json\/wp\/v2\/pages\/1613#wpcf7-f203-o1\" method=\"post\" class=\"wpcf7-form init\" aria-label=\"Contact form\" novalidate=\"novalidate\" data-status=\"init\">\n<div style=\"display: none;\">\n<input type=\"hidden\" name=\"_wpcf7\" value=\"203\" \/>\n<input type=\"hidden\" name=\"_wpcf7_version\" value=\"6.0.5\" \/>\n<input type=\"hidden\" name=\"_wpcf7_locale\" value=\"en_US\" \/>\n<input type=\"hidden\" name=\"_wpcf7_unit_tag\" value=\"wpcf7-f203-o1\" \/>\n<input type=\"hidden\" name=\"_wpcf7_container_post\" value=\"0\" \/>\n<input type=\"hidden\" name=\"_wpcf7_posted_data_hash\" value=\"\" \/>\n<\/div>\n<div class=\"row custom-form-style-1\">\n\t<div class=\"form-group col-md-6 pr-md-0\">\n\t\t<p><span class=\"wpcf7-form-control-wrap\" data-name=\"your-first-name\"><input size=\"40\" maxlength=\"400\" class=\"wpcf7-form-control wpcf7-text wpcf7-validates-as-required form-control background-color-tertiary\" aria-required=\"true\" aria-invalid=\"false\" placeholder=\"FIRST NAME*\" value=\"\" type=\"text\" name=\"your-first-name\" \/><\/span>\n\t\t<\/p>\n\t<\/div>\n\t<div class=\"form-group col-md-6 pl-md-0\">\n\t\t<p><span class=\"wpcf7-form-control-wrap\" data-name=\"your-last-name\"><input size=\"40\" maxlength=\"400\" class=\"wpcf7-form-control wpcf7-text wpcf7-validates-as-required form-control background-color-tertiary\" aria-required=\"true\" aria-invalid=\"false\" placeholder=\"LAST NAME*\" value=\"\" type=\"text\" name=\"your-last-name\" \/><\/span>\n\t\t<\/p>\n\t<\/div>\n<\/div>\n<div class=\"row custom-form-style-1\">\n\t<div class=\"form-group col-md-6 pr-md-0\">\n\t\t<p><span class=\"wpcf7-form-control-wrap\" data-name=\"your-organisation\"><input size=\"40\" maxlength=\"400\" class=\"wpcf7-form-control wpcf7-text wpcf7-validates-as-required form-control background-color-tertiary\" aria-required=\"true\" aria-invalid=\"false\" placeholder=\"ORGANISATION*\" value=\"\" type=\"text\" name=\"your-organisation\" \/><\/span>\n\t\t<\/p>\n\t<\/div>\n\t<div class=\"form-group col-md-6 pl-md-0\">\n\t\t<p><span class=\"wpcf7-form-control-wrap\" data-name=\"your-email\"><input size=\"40\" maxlength=\"400\" class=\"wpcf7-form-control wpcf7-email wpcf7-validates-as-required wpcf7-text wpcf7-validates-as-email form-control background-color-tertiary\" aria-required=\"true\" aria-invalid=\"false\" placeholder=\"EMAIL*\" value=\"\" type=\"email\" name=\"your-email\" \/><\/span>\n\t\t<\/p>\n\t<\/div>\n<\/div>\n<div class=\"row\">\n\t<div class=\"form-group col-12\">\n\t\t<p><input class=\"wpcf7-form-control wpcf7-submit has-spinner btn btn-primary w-100 font-weight-semibold d-block\" type=\"submit\" value=\"REGISTER NOW\" \/>\n\t\t<\/p>\n\t<\/div>\n<\/div><div class=\"wpcf7-response-output\" aria-hidden=\"true\"><\/div>\n<\/form>\n<\/div>\n<\/div>\n\t\t\t\t\t\t<\/div>\n\t\t\t\t<\/div>\n\t\t\t\t\t<\/div>\r\n\t\t\t\t<\/div>\r\n\t\t\t\t\t<\/div>\r\n\t\t\t\t<\/section>\r\n\t\t\t\t<section class=\"elementor-section elementor-top-section elementor-element elementor-element-e560a65 elementor-section-boxed elementor-section-height-default elementor-section-height-default\" data-id=\"e560a65\" data-element_type=\"section\">\r\n\t\t\r\n\t\t\t\t\t\t\t<div class=\"elementor-container elementor-column-gap-default\">\r\n\t\t\t\t\t\t\t\t\t\t\t<div class=\"elementor-column elementor-col-100 elementor-top-column elementor-element elementor-element-78211a7\" data-id=\"78211a7\" data-element_type=\"column\">\r\n\t\t\t\t\t<div class=\"elementor-widget-wrap elementor-element-populated\">\r\n\t\t\t\t\t\t\t\t<div class=\"elementor-element elementor-element-91951f0 elementor-widget elementor-widget-heading\" data-id=\"91951f0\" data-element_type=\"widget\" data-widget_type=\"heading.default\">\n\t\t\t\t<div class=\"elementor-widget-container\">\n\t\t\t\t\t<h2 class=\"elementor-heading-title elementor-size-default\">Viimased uudised<\/h2>\t\t\t\t<\/div>\n\t\t\t\t<\/div>\n\t\t\t\t<div class=\"elementor-element elementor-element-d871127 elementor-widget elementor-widget-porto_blog\" data-id=\"d871127\" data-element_type=\"widget\" data-widget_type=\"porto_blog.default\">\n\t\t\t\t<div class=\"elementor-widget-container\">\n\t\t\t\t\t<div class=\"porto-blog wpb_content_element  porto-blog-d751713988987e9331980363e24189ce\">\t\t<div class=\"blog-posts posts-grid\">\r\n\t\t\t<div class=\"posts-container row\">\r\n\t\t\n<article class=\"post post-grid col-md-6 col-lg-4 post-1908 post type-post status-publish format-standard hentry category-uncategorized-et\">\n\t<div class=\"grid-box\">\n\t\t\n\t\t<!-- Post meta before content -->\n\t\t<div class=\"post-meta\"><span class=\"meta-date\"><i class=\"far fa-calendar-alt\"><\/i>oktoober 1, 2023<\/span><\/div><div class=\"post-meta\"><\/div>\t\t<div class=\"post-content\">\n\n\t\t\t<h4 class=\"entry-title\"><a href=\"https:\/\/compra.uth.gr\/et\/uhinevad-praktikad-sotsiaalset-kaasamist-toetavas-hariduses-konverents-4-veebruaril-2023\/\">\u00dchinevad praktikad sotsiaalset kaasamist toetavas hariduses &#8211; konverents 4. veebruaril 2023<\/a><\/h4>\n\t\t\t<span class=\"vcard\" style=\"display: none;\"><span class=\"fn\"><a href=\"https:\/\/compra.uth.gr\/et\/author\/itprojadmin\/\" title=\"IT Administrator tehtud postitused\" rel=\"author\">IT Administrator<\/a><\/span><\/span><span class=\"updated\" style=\"display:none\">2023-10-01T22:50:49+03:00<\/span><p class=\"post-excerpt\">&nbsp;&nbsp;&nbsp;&nbsp;&nbsp;&nbsp;&nbsp;&nbsp;&nbsp;&nbsp;&nbsp;&nbsp;&nbsp;&nbsp;&nbsp;&nbsp;&nbsp;&nbsp;&nbsp;&nbsp;&nbsp;&nbsp;&nbsp;&nbsp;&nbsp;&nbsp;&nbsp;&nbsp;&nbsp;&nbsp;&nbsp;&nbsp;&nbsp;&nbsp;&nbsp;&nbsp;&nbsp;&nbsp;&nbsp;&nbsp;&nbsp;&nbsp;&nbsp;&nbsp;&nbsp;&nbsp;&nbsp;&nbsp;&nbsp;&nbsp;&nbsp;&nbsp;&nbsp;&nbsp;  &nbsp; &nbsp; &nbsp;&nbsp;  &nbsp; &nbsp; &nbsp; &nbsp; &nbsp; &nbsp; &nbsp; &nbsp; &nbsp; &nbsp; &nbsp; &nbsp; &nbsp; &nbsp; &nbsp; &nbsp; &nbsp; &nbsp; &nbsp; &nbsp; &nbsp; &nbsp; &nbsp; &nbsp;...<\/p>\t\t\t\t\t<\/div>\n\t\t<!-- Post meta after content -->\n\t\t\t\t<div class=\"clearfix\">\n\t\t\t<a class=\"btn btn-xs btn-default text-xs text-uppercase btn-readmore\" href=\"https:\/\/compra.uth.gr\/et\/uhinevad-praktikad-sotsiaalset-kaasamist-toetavas-hariduses-konverents-4-veebruaril-2023\/\">Read more...<\/a>\n\t\t<\/div>\n\t<\/div>\n<\/article>\n\r\n\t\r\n\t\t\t<\/div>\r\n\t\t<\/div>\r\n\r\n\t\r\n\t\t\t<div class=\"push-top m-b-xxl text-center\">\r\n\t\t\t<a class=\"btn btn-primary\" href=\"https:\/\/compra.uth.gr\/et\/blogi\/\">View More<\/a>\r\n\t\t<\/div>\r\n\t\r\n\t<\/div>\t\t\t\t<\/div>\n\t\t\t\t<\/div>\n\t\t\t\t\t<\/div>\r\n\t\t\t\t<\/div>\r\n\t\t\t\t\t<\/div>\r\n\t\t\t\t<\/section>\r\n\t\t\t\t<section data-plugin-parallax=\"\" data-plugin-options=\"{&quot;speed&quot;: 1.1}\" class=\"elementor-section elementor-top-section elementor-element elementor-element-a512432 elementor-section-boxed elementor-section-height-default elementor-section-height-default\" data-id=\"a512432\" data-element_type=\"section\" data-settings=\"{&quot;background_background&quot;:&quot;classic&quot;}\">\r\n\t\t\r\n\t\t\t\t\t\t\t<div class=\"elementor-container elementor-column-gap-default\">\r\n\t\t\t\t\t\t\t\t\t\t\t<div class=\"elementor-column elementor-col-100 elementor-top-column elementor-element elementor-element-b6b76e1 col-md-10 offset-lg-5 col-lg-7 offset-md-2 px-0\" data-id=\"b6b76e1\" data-element_type=\"column\">\r\n\t\t\t\t\t<div class=\"elementor-widget-wrap elementor-element-populated\">\r\n\t\t\t\t\t\t\t\t<div class=\"elementor-element elementor-element-8ea393e elementor-invisible elementor-widget elementor-widget-porto_info_box\" data-id=\"8ea393e\" data-element_type=\"widget\" data-settings=\"{&quot;_animation&quot;:&quot;fadeInUp&quot;}\" data-widget_type=\"porto_info_box.default\">\n\t\t\t\t<div class=\"elementor-widget-container\">\n\t\t\t\t\t<div class=\"porto-sicon-box style_1 left-icon\"><div class=\"porto-sicon-left\"><div class=\"porto-just-icon-wrapper porto-sicon-img  porto-icon-d751713988987e9331980363e24189ce\" style=\"\"><img decoding=\"async\" class=\"img-icon\" alt=\"icon\" src=\"https:\/\/compra.uth.gr\/wp-content\/uploads\/2018\/05\/icon-1.png\" width=\"96\" height=\"70\" \/><\/div><\/div><div class=\"porto-sicon-body\"><div class=\"porto-sicon-header\"><h3 class=\"porto-sicon-title\" style=\"\">Eesm\u00e4rgid<\/h3><\/div> <!-- header --><div class=\"porto-sicon-description\" style=\"\" ><p>1. T\u00f6\u00f6tada v\u00e4lja uus, uuenduslik, eetiline ja rakenduslik haridusmudel, mis l\u00e4htub \u00fchiste v\u00e4\u00e4rtuste objektiivist:<br>2. Kaasata teoreetiline ja metodoloogiline arutelu \u00fchisvara ja \u00fchiste tavade \u00fcle k\u00f5rghariduse \u00f5ppekavades.<br>3. Edendada k\u00f5rghariduse kogukonna demokraatlikku osaluskultuuri.<br>4. Levitada \u00fchisvara loogikat, et suurendada \u00fcksikisikute osalemist avalikus elus, sotsiaalset ja kodanikuaktiivsust ning tegutsemist.<br>5. Akadeemilise personali professionaalse arengu strateegilise kava koostamine vastavalt individuaalsetele ja sotsiaalsetele vajadustele ja eesm\u00e4rkidele (diferentseeritud l\u00e4henemine pedagoogikas).<br>6. Tagada k\u00f5rgkoolidele d\u00fcnaamiline ja professionaalne keskkond, mis on valmis lisama h\u00e4id tavasid ja uusi pedagoogilisi kontseptsioone ja tavasid igap\u00e4evat\u00f6\u00f6sse.<\/p><\/div> <!-- description --><\/div><\/div><!-- porto-sicon-box -->\t\t\t\t<\/div>\n\t\t\t\t<\/div>\n\t\t\t\t<div class=\"elementor-element elementor-element-97112ed elementor-invisible elementor-widget elementor-widget-porto_info_box\" data-id=\"97112ed\" data-element_type=\"widget\" data-settings=\"{&quot;_animation&quot;:&quot;fadeInUp&quot;,&quot;_animation_delay&quot;:&quot;200&quot;}\" data-widget_type=\"porto_info_box.default\">\n\t\t\t\t<div class=\"elementor-widget-container\">\n\t\t\t\t\t<div class=\"porto-sicon-box style_1 left-icon\"><div class=\"porto-sicon-left\"><div class=\"porto-just-icon-wrapper porto-sicon-img  porto-icon-d751713988987e9331980363e24189ce\" style=\"\"><img decoding=\"async\" class=\"img-icon\" alt=\"icon\" src=\"https:\/\/compra.uth.gr\/wp-content\/uploads\/2018\/05\/icon-2.png\" width=\"98\" height=\"80\" \/><\/div><\/div><div class=\"porto-sicon-body\"><div class=\"porto-sicon-header\"><h3 class=\"porto-sicon-title\" style=\"\">\u00d5piv\u00e4ljundid<\/h3><\/div> <!-- header --><div class=\"porto-sicon-description\" style=\"\" ><p>Kursusel \u00f5pib \u00f5pilane, kuidas<br>- Teha koost\u00f6\u00f6d meeskonnas \u00fchise eesm\u00e4rgi nimel.<br>- Kriitiline m\u00f5tlemine avatud probleemip\u00f5hise l\u00e4henemise kaudu<br>- Kohaldage \u00fchise loogika loogikat<br>- Edendada selliseid v\u00e4\u00e4rtusi nagu mitmekultuurilisus, sooperspektiiv, sallivus jne hariduskommuunide kaudu.<br>- Olla teadlik ebav\u00f5rdsusest ja k\u00e4sitleda seda konstruktiivselt.<br>- M\u00f5tiskleda massimeedia diskursuse rolli \u00fcle kujutluspiltide konstrueerimisel.<br>- Kasutage commons-p\u00f5hiseid vastastikuseid omadusi, et t\u00f5hustada koost\u00f6\u00f6d ja sisu loomist.<br>- Parandada oma teadus-, digi-, suhtlemis- ja sotsiaalseid p\u00e4devusi.<\/p><\/div> <!-- description --><\/div><\/div><!-- porto-sicon-box -->\t\t\t\t<\/div>\n\t\t\t\t<\/div>\n\t\t\t\t<div class=\"elementor-element elementor-element-381dd8d elementor-invisible elementor-widget elementor-widget-porto_info_box\" data-id=\"381dd8d\" data-element_type=\"widget\" data-settings=\"{&quot;_animation&quot;:&quot;fadeInUp&quot;,&quot;_animation_delay&quot;:&quot;400&quot;}\" data-widget_type=\"porto_info_box.default\">\n\t\t\t\t<div class=\"elementor-widget-container\">\n\t\t\t\t\t<div class=\"porto-sicon-box style_1 left-icon\"><div class=\"porto-sicon-left\"><div class=\"porto-just-icon-wrapper porto-sicon-img  porto-icon-d751713988987e9331980363e24189ce\" style=\"\"><img decoding=\"async\" class=\"img-icon\" alt=\"icon\" src=\"https:\/\/compra.uth.gr\/wp-content\/uploads\/2018\/05\/icon-3.png\" width=\"98\" height=\"86\" \/><\/div><\/div><div class=\"porto-sicon-body\"><div class=\"porto-sicon-header\"><h3 class=\"porto-sicon-title\" style=\"\">Mida saavad \u00f5pilased<\/h3><\/div> <!-- header --><div class=\"porto-sicon-description\" style=\"\" ><p>1. Saavutatakse teerajajateks kujunevates tavades, mis on hariduses \u00fchised.<br>2. Omandada teadmisi loovast m\u00f5tlemisest vara jagamise, \u00fchiste ressursside tootmise, omavalitsuse ja vastastikuse koost\u00f6\u00f6 mudelite osas.<br>3. Omandada nii tugevaid teoreetilisi kui ka praktilisi teadmisi kogukonna diskursuse ja tavade kohta, et arendada terviklikku ja kriitiliselt teadlikku arusaamist kogukonnast ning edendada kriitilist ja anal\u00fc\u00fctilist l\u00e4henemist kaasaegsetele haridusprobleemidele.<br>4. Arendada oskusi tavakodanike identiteedi loomiseks\/ tugevdamiseks.<br>5. Suurendada v\u00f5\u00f5rkeeleoskust ja parandada oma suhtlemisvahendeid.<br>6. Parandada oma ametialast profiili ja suurendada v\u00f5imalusi ametialaseks arenguks.<\/p><\/div> <!-- description --><\/div><\/div><!-- porto-sicon-box -->\t\t\t\t<\/div>\n\t\t\t\t<\/div>\n\t\t\t\t\t<\/div>\r\n\t\t\t\t<\/div>\r\n\t\t\t\t\t<\/div>\r\n\t\t\t\t<\/section>\r\n\t\t\t\t<\/div>\n\t\t","protected":false},"excerpt":{"rendered":"<p>ComPra kohta Projekti &#8220;Commoning Practices&#8221; (edaspidi &#8220;ComPra&#8221;) l\u00fchiajalised koolituskursused tutvustavad &#8220;commons&#8221; kui alternatiivset v\u00e4\u00e4rtus- ja tegevuss\u00fcsteemi hariduse valdkonnas ning toovad kriitiliselt v\u00e4lja commons&#8217;i m\u00f5ju hariduse \u00fcmberkujundamisele, aktiivse sotsiaalse kaasamise v\u00f5imaldamisele ja k\u00f5igi heaolu edendamisele. Kommuunid on elavad ja d\u00fcnaamilised sotsiaalsed s\u00fcsteemid, mis arenevad erinevate kogukondade poolt loodud kollektiivse omandi\u00f5iguse ja ressursside v\u00f5i kaupade v\u00f5rdse haldamise [&hellip;]<\/p>\n","protected":false},"author":1,"featured_media":0,"parent":0,"menu_order":0,"comment_status":"closed","ping_status":"closed","template":"","meta":{"content-type":"","footnotes":""},"class_list":["post-1613","page","type-page","status-publish","hentry"],"_links":{"self":[{"href":"https:\/\/compra.uth.gr\/et\/wp-json\/wp\/v2\/pages\/1613","targetHints":{"allow":["GET"]}}],"collection":[{"href":"https:\/\/compra.uth.gr\/et\/wp-json\/wp\/v2\/pages"}],"about":[{"href":"https:\/\/compra.uth.gr\/et\/wp-json\/wp\/v2\/types\/page"}],"author":[{"embeddable":true,"href":"https:\/\/compra.uth.gr\/et\/wp-json\/wp\/v2\/users\/1"}],"replies":[{"embeddable":true,"href":"https:\/\/compra.uth.gr\/et\/wp-json\/wp\/v2\/comments?post=1613"}],"version-history":[{"count":66,"href":"https:\/\/compra.uth.gr\/et\/wp-json\/wp\/v2\/pages\/1613\/revisions"}],"predecessor-version":[{"id":1997,"href":"https:\/\/compra.uth.gr\/et\/wp-json\/wp\/v2\/pages\/1613\/revisions\/1997"}],"wp:attachment":[{"href":"https:\/\/compra.uth.gr\/et\/wp-json\/wp\/v2\/media?parent=1613"}],"curies":[{"name":"wp","href":"https:\/\/api.w.org\/{rel}","templated":true}]}}