{"id":1616,"date":"2023-01-06T17:07:42","date_gmt":"2023-01-06T14:07:42","guid":{"rendered":"https:\/\/compra.uth.gr\/meie-kohta\/"},"modified":"2023-09-30T23:08:53","modified_gmt":"2023-09-30T20:08:53","slug":"meie-kohta","status":"publish","type":"page","link":"https:\/\/compra.uth.gr\/et\/meie-kohta\/","title":{"rendered":"Meie kohta"},"content":{"rendered":"\t\t<div data-elementor-type=\"wp-page\" data-elementor-id=\"1616\" class=\"elementor elementor-1616 elementor-86\">\n\t\t\t\t\t\t<section class=\"elementor-section elementor-top-section elementor-element elementor-element-3a2303c1 elementor-section-boxed elementor-section-height-default elementor-section-height-default\" data-id=\"3a2303c1\" data-element_type=\"section\">\r\n\t\t\r\n\t\t\t\t\t\t\t<div class=\"elementor-container elementor-column-gap-default\">\r\n\t\t\t\t\t\t\t\t\t\t\t<div class=\"elementor-column elementor-col-100 elementor-top-column elementor-element elementor-element-5d0387a0\" data-id=\"5d0387a0\" data-element_type=\"column\">\r\n\t\t\t\t\t<div class=\"elementor-widget-wrap elementor-element-populated\">\r\n\t\t\t\t\t\t\t\t<div class=\"elementor-element elementor-element-6056cef elementor-widget elementor-widget-text-editor\" data-id=\"6056cef\" data-element_type=\"widget\" data-widget_type=\"text-editor.default\">\n\t\t\t\t<div class=\"elementor-widget-container\">\n\t\t\t\t\t\t\t\t\t<p>Viimastel aastatel on inimesed majandusliku, poliitilise, keskkonna- ja tervishoiukriisi tingimustes otsinud alternatiivseid loogikaid, tavasid ja eetikat, et reageerida sotsiaalsele t\u00f5rjutusele, t\u00f6\u00f6puudusele ja alat\u00f6\u00f6h\u00f5ivele, demokraatia halvustamisele ja keskkonnaseisundi halvenemisele. Nad p\u00fc\u00fcavad uurida, ehitada \u00fcles ja toetada teistsugust, koost\u00f6\u00f6l p\u00f5hinevat eluviisi, mis rakendab demokraatlikke ideaale, egalitaarsust, loovust, kogukonda l\u00e4bi erinevuste ning j\u00e4tkusuutlikke suhteid inimeste ja looduse vahel. Haridusel on selles osas oluline t\u00e4htsus, kuna see v\u00f5ib olla alternatiivse sotsiaalse \u00fclesehituse protsesside edendamise vahendiks. Eksperimentaalsete, koost\u00f6\u00f6l p\u00f5hinevate ja ebatraditsiooniliste haridusprojektide inkubatsioon ei ole Euroopas uus n\u00e4htus. Viimastel aastatel on see aga \u00fcldise sotsiaal-majandusliku, keskkonna- ja tervishoiukriisi t\u00f5ttu kiirenenud.<\/p>\n\t\t\t\t\t\t\t\t<\/div>\n\t\t\t\t<\/div>\n\t\t\t\t<div class=\"elementor-element elementor-element-eabe001 elementor-widget elementor-widget-text-editor\" data-id=\"eabe001\" data-element_type=\"widget\" data-widget_type=\"text-editor.default\">\n\t\t\t\t<div class=\"elementor-widget-container\">\n\t\t\t\t\t\t\t\t\t<p>Projekti &#8220;Commoning Practices&#8221; (edaspidi &#8220;ComPra&#8221;) l\u00fchiajalised koolituskursused tutvustavad &#8220;commons&#8221; kui alternatiivset v\u00e4\u00e4rtus- ja tegevuss\u00fcsteemi hariduse valdkonnas ning toovad kriitiliselt v\u00e4lja commons&#8217;i m\u00f5ju hariduse \u00fcmberkujundamisele, aktiivse sotsiaalse kaasamise v\u00f5imaldamisele ja k\u00f5igi heaolu edendamisele. Kommuunid on elavad ja d\u00fcnaamilised sotsiaalsed s\u00fcsteemid, mis arenevad erinevate kogukondade poolt loodud kollektiivse omandi\u00f5iguse ja ressursside v\u00f5i kaupade v\u00f5rdse haldamise v\u00e4\u00e4rtuste \u00fcmber, et tagada iga liikme elluj\u00e4\u00e4mine ja heaolu (Bollier &amp; Helfrich 2012). Inimesed, kes on aktsepteerinud \u00fchisosa loogikat, st \u00fchisosad, p\u00fc\u00fcavad luua sotsiaalse koost\u00f6\u00f6v\u00f5rgustiku, solidaarsuse, dialoogi, jagamise ja vastastikuse s\u00f5ltuvuse, mis \u00fchendab k\u00f5iki kogukonna liikmeid v\u00f5rdselt.<\/p>\n\t\t\t\t\t\t\t\t<\/div>\n\t\t\t\t<\/div>\n\t\t\t\t<section class=\"elementor-section elementor-inner-section elementor-element elementor-element-36ab8b1 elementor-section-boxed elementor-section-height-default elementor-section-height-default\" data-id=\"36ab8b1\" data-element_type=\"section\">\r\n\t\t\r\n\t\t\t\t\t\t\t<div class=\"elementor-container elementor-column-gap-default\">\r\n\t\t\t\t\t\t\t\t\t\t\t<div class=\"elementor-column elementor-col-33 elementor-inner-column elementor-element elementor-element-b779ef2 elementor-invisible\" data-id=\"b779ef2\" data-element_type=\"column\" data-settings=\"{&quot;animation&quot;:&quot;fadeInUp&quot;,&quot;animation_delay&quot;:&quot;200&quot;}\">\r\n\t\t\t\t\t<div class=\"elementor-widget-wrap elementor-element-populated\">\r\n\t\t\t\t\t\t\t\t<div class=\"elementor-element elementor-element-4db0f26 elementor-widget elementor-widget-porto_info_box\" data-id=\"4db0f26\" data-element_type=\"widget\" data-widget_type=\"porto_info_box.default\">\n\t\t\t\t<div class=\"elementor-widget-container\">\n\t\t\t\t\t<div class=\"porto-sicon-box style_1 left-icon\"><div class=\"porto-sicon-left\"><div class=\"porto-just-icon-wrapper porto-sicon-img  porto-icon-d751713988987e9331980363e24189ce\" style=\"\"><img decoding=\"async\" class=\"img-icon\" alt=\"icon\" src=\"https:\/\/compra.uth.gr\/wp-content\/uploads\/2018\/05\/icon-1.png\" width=\"96\" height=\"70\" \/><\/div><\/div><div class=\"porto-sicon-body\"><div class=\"porto-sicon-header\"><h3 class=\"porto-sicon-title\" style=\"\">Juhendid \u00f5petajatele<\/h3><\/div> <!-- header --><div class=\"porto-sicon-description\" style=\"\" ><p>Kuidas kaasata \u00f5pilased t\u00f5husalt ja loovalt kursuse \u00f5pikeskkonda.<\/p><\/div> <!-- description --><\/div><\/div><!-- porto-sicon-box -->\t\t\t\t<\/div>\n\t\t\t\t<\/div>\n\t\t\t\t\t<\/div>\r\n\t\t\t\t<\/div>\r\n\t\t\t\t<div class=\"elementor-column elementor-col-33 elementor-inner-column elementor-element elementor-element-33e59b8 elementor-invisible\" data-id=\"33e59b8\" data-element_type=\"column\" data-settings=\"{&quot;animation&quot;:&quot;fadeInUp&quot;,&quot;animation_delay&quot;:&quot;400&quot;}\">\r\n\t\t\t\t\t<div class=\"elementor-widget-wrap elementor-element-populated\">\r\n\t\t\t\t\t\t\t\t<div class=\"elementor-element elementor-element-8ff6012 elementor-widget elementor-widget-porto_info_box\" data-id=\"8ff6012\" data-element_type=\"widget\" data-widget_type=\"porto_info_box.default\">\n\t\t\t\t<div class=\"elementor-widget-container\">\n\t\t\t\t\t<div class=\"porto-sicon-box style_1 left-icon\"><div class=\"porto-sicon-left\"><div class=\"porto-just-icon-wrapper porto-sicon-img  porto-icon-d751713988987e9331980363e24189ce\" style=\"\"><img decoding=\"async\" class=\"img-icon\" alt=\"icon\" src=\"https:\/\/compra.uth.gr\/wp-content\/uploads\/2018\/05\/icon-2.png\" width=\"98\" height=\"80\" \/><\/div><\/div><div class=\"porto-sicon-body\"><div class=\"porto-sicon-header\"><h3 class=\"porto-sicon-title\" style=\"\">\u00d5ppesisu<\/h3><\/div> <!-- header --><div class=\"porto-sicon-description\" style=\"\" ><p>Commons'i teoreetiline raamistik, hariduslik commons, lapsed kui \u00fchised, vastastikune valitsemine, commons'i uurimisvaade, kui me uurime hariduskeskkonda.<\/p><\/div> <!-- description --><\/div><\/div><!-- porto-sicon-box -->\t\t\t\t<\/div>\n\t\t\t\t<\/div>\n\t\t\t\t\t<\/div>\r\n\t\t\t\t<\/div>\r\n\t\t\t\t<div class=\"elementor-column elementor-col-33 elementor-inner-column elementor-element elementor-element-3098d3c elementor-invisible\" data-id=\"3098d3c\" data-element_type=\"column\" data-settings=\"{&quot;animation&quot;:&quot;fadeInUp&quot;,&quot;animation_delay&quot;:&quot;600&quot;}\">\r\n\t\t\t\t\t<div class=\"elementor-widget-wrap elementor-element-populated\">\r\n\t\t\t\t\t\t\t\t<div class=\"elementor-element elementor-element-63ffd41 elementor-widget elementor-widget-porto_info_box\" data-id=\"63ffd41\" data-element_type=\"widget\" data-widget_type=\"porto_info_box.default\">\n\t\t\t\t<div class=\"elementor-widget-container\">\n\t\t\t\t\t<div class=\"porto-sicon-box style_1 left-icon\"><div class=\"porto-sicon-left\"><div class=\"porto-just-icon-wrapper porto-sicon-img  porto-icon-d751713988987e9331980363e24189ce\" style=\"\"><img decoding=\"async\" class=\"img-icon\" alt=\"icon\" src=\"https:\/\/compra.uth.gr\/wp-content\/uploads\/2018\/05\/icon-3.png\" width=\"98\" height=\"86\" \/><\/div><\/div><div class=\"porto-sicon-body\"><div class=\"porto-sicon-header\"><h3 class=\"porto-sicon-title\" style=\"\">\u00d5petamise strateegiad<\/h3><\/div> <!-- header --><div class=\"porto-sicon-description\" style=\"\" ><p>L\u00fchikese ts\u00fckli programmid ja e-\u00f5ppe pedagoogilised meetodid<\/p><\/div> <!-- description --><\/div><\/div><!-- porto-sicon-box -->\t\t\t\t<\/div>\n\t\t\t\t<\/div>\n\t\t\t\t\t<\/div>\r\n\t\t\t\t<\/div>\r\n\t\t\t\t\t<\/div>\r\n\t\t\t\t<\/section>\r\n\t\t\t\t<div class=\"elementor-element elementor-element-8cafca1 elementor-widget elementor-widget-text-editor\" data-id=\"8cafca1\" data-element_type=\"widget\" data-widget_type=\"text-editor.default\">\n\t\t\t\t<div class=\"elementor-widget-container\">\n\t\t\t\t\t\t\t\t\t<p>Projekti eesm\u00e4rk on v\u00f5imaldada haridusteaduste, sotsiaalteaduste, sotsiaalt\u00f6\u00f6 ja kommunikatsiooni k\u00f5rgkooli \u00fcli\u00f5pilastel uurida \u00fchispedagoogika v\u00e4\u00e4rtusi ja praktikaid ning tutvuda uuenduslike metoodikate ja vahendite kasutamisega. Need v\u00f5imaldaksid neil arendada \u00fchiseloomul p\u00f5hinevat hariduskeskkonda, mis aitaks lastel ja noortel tegutseda &#8220;tavainimestena&#8221;. L\u00fchiajaliste koolituskursuste v\u00e4ljat\u00f6\u00f6tamise kaudu, mis p\u00f5hinevad kombineeritud \u00f5ppeskeemil, omandavad k\u00f5rghariduse \u00fcli\u00f5pilased teoreetilisi ja praktilisi teadmisi \u00fchisosa diskursuse kohta (\u00fchisosa jagamise ja hoolimise loogika, \u00f5iglased ja avatud suhted, kaasosalemine teadmiste tootmises v\u00f5i pakkumises) ning arendavad oskusi \u00fchisosa identiteedi loomiseks ja tugevdamiseks nii neile endile kui ka tulevastele \u00fcli\u00f5pilastele.<\/p>\n\t\t\t\t\t\t\t\t<\/div>\n\t\t\t\t<\/div>\n\t\t\t\t<section class=\"elementor-section elementor-inner-section elementor-element elementor-element-4dc1965 elementor-section-boxed elementor-section-height-default elementor-section-height-default\" data-id=\"4dc1965\" data-element_type=\"section\">\r\n\t\t\r\n\t\t\t\t\t\t\t<div class=\"elementor-container elementor-column-gap-default\">\r\n\t\t\t\t\t\t\t\t\t\t\t<div class=\"elementor-column elementor-col-25 elementor-inner-column elementor-element elementor-element-101cdfc elementor-invisible\" data-id=\"101cdfc\" data-element_type=\"column\" data-settings=\"{&quot;animation&quot;:&quot;fadeInUp&quot;}\">\r\n\t\t\t\t\t<div class=\"elementor-widget-wrap elementor-element-populated\">\r\n\t\t\t\t\t\t\t\t<div class=\"elementor-element elementor-element-b9786e3 elementor-widget elementor-widget-image\" data-id=\"b9786e3\" data-element_type=\"widget\" data-widget_type=\"image.default\">\n\t\t\t\t<div class=\"elementor-widget-container\">\n\t\t\t\t\t\t\t\t\t\t\t\t\t\t\t<img loading=\"lazy\" decoding=\"async\" width=\"230\" height=\"201\" src=\"https:\/\/compra.uth.gr\/wp-content\/uploads\/2022\/12\/Module17.jpg\" class=\"attachment-large size-large wp-image-1290\" alt=\"\" \/>\t\t\t\t\t\t\t\t\t\t\t\t\t\t\t<\/div>\n\t\t\t\t<\/div>\n\t\t\t\t\t<\/div>\r\n\t\t\t\t<\/div>\r\n\t\t\t\t<div class=\"elementor-column elementor-col-25 elementor-inner-column elementor-element elementor-element-939f4d6 elementor-invisible\" data-id=\"939f4d6\" data-element_type=\"column\" data-settings=\"{&quot;animation&quot;:&quot;fadeInUp&quot;,&quot;animation_delay&quot;:&quot;300&quot;}\">\r\n\t\t\t\t\t<div class=\"elementor-widget-wrap elementor-element-populated\">\r\n\t\t\t\t\t\t\t\t<div class=\"elementor-element elementor-element-e50caa7 elementor-widget elementor-widget-image\" data-id=\"e50caa7\" data-element_type=\"widget\" data-widget_type=\"image.default\">\n\t\t\t\t<div class=\"elementor-widget-container\">\n\t\t\t\t\t\t\t\t\t\t\t\t\t\t\t<img loading=\"lazy\" decoding=\"async\" width=\"230\" height=\"201\" src=\"https:\/\/compra.uth.gr\/wp-content\/uploads\/2022\/12\/Module15.jpg\" class=\"attachment-large size-large wp-image-1286\" alt=\"\" \/>\t\t\t\t\t\t\t\t\t\t\t\t\t\t\t<\/div>\n\t\t\t\t<\/div>\n\t\t\t\t\t<\/div>\r\n\t\t\t\t<\/div>\r\n\t\t\t\t<div class=\"elementor-column elementor-col-25 elementor-inner-column elementor-element elementor-element-b73c157 elementor-invisible\" data-id=\"b73c157\" data-element_type=\"column\" data-settings=\"{&quot;animation&quot;:&quot;fadeInUp&quot;,&quot;animation_delay&quot;:&quot;600&quot;}\">\r\n\t\t\t\t\t<div class=\"elementor-widget-wrap elementor-element-populated\">\r\n\t\t\t\t\t\t\t\t<div class=\"elementor-element elementor-element-6dddca1 elementor-widget elementor-widget-image\" data-id=\"6dddca1\" data-element_type=\"widget\" data-widget_type=\"image.default\">\n\t\t\t\t<div class=\"elementor-widget-container\">\n\t\t\t\t\t\t\t\t\t\t\t\t\t\t\t<img loading=\"lazy\" decoding=\"async\" width=\"230\" height=\"201\" src=\"https:\/\/compra.uth.gr\/wp-content\/uploads\/2022\/12\/Module16.jpg\" class=\"attachment-large size-large wp-image-1288\" alt=\"\" \/>\t\t\t\t\t\t\t\t\t\t\t\t\t\t\t<\/div>\n\t\t\t\t<\/div>\n\t\t\t\t\t<\/div>\r\n\t\t\t\t<\/div>\r\n\t\t\t\t<div class=\"elementor-column elementor-col-25 elementor-inner-column elementor-element elementor-element-2f0e54e elementor-invisible\" data-id=\"2f0e54e\" data-element_type=\"column\" data-settings=\"{&quot;animation&quot;:&quot;fadeInUp&quot;,&quot;animation_delay&quot;:&quot;900&quot;}\">\r\n\t\t\t\t\t<div class=\"elementor-widget-wrap elementor-element-populated\">\r\n\t\t\t\t\t\t\t\t<div class=\"elementor-element elementor-element-b8c2dac elementor-widget elementor-widget-image\" data-id=\"b8c2dac\" data-element_type=\"widget\" data-widget_type=\"image.default\">\n\t\t\t\t<div class=\"elementor-widget-container\">\n\t\t\t\t\t\t\t\t\t\t\t\t\t\t\t<img loading=\"lazy\" decoding=\"async\" width=\"230\" height=\"201\" src=\"https:\/\/compra.uth.gr\/wp-content\/uploads\/2022\/12\/Module14.jpg\" class=\"attachment-large size-large wp-image-1284\" alt=\"\" \/>\t\t\t\t\t\t\t\t\t\t\t\t\t\t\t<\/div>\n\t\t\t\t<\/div>\n\t\t\t\t\t<\/div>\r\n\t\t\t\t<\/div>\r\n\t\t\t\t\t<\/div>\r\n\t\t\t\t<\/section>\r\n\t\t\t\t<div class=\"elementor-element elementor-element-5aac26e elementor-widget elementor-widget-text-editor\" data-id=\"5aac26e\" data-element_type=\"widget\" data-widget_type=\"text-editor.default\">\n\t\t\t\t<div class=\"elementor-widget-container\">\n\t\t\t\t\t\t\t\t\t<p>Projekt algab intellektuaalse v\u00e4ljundiga (edaspidi IO1), mis k\u00e4sitleb metoodilise juhendi koostamist l\u00fchiajalise koolituskursuse arendamiseks &#8220;\u00dchiste tavade&#8221; valdkonnas. See v\u00e4ljund koosneb neljast peat\u00fckist<\/span><\/p>\n\t\t\t\t\t\t\t\t<\/div>\n\t\t\t\t<\/div>\n\t\t\t\t<div class=\"elementor-element elementor-element-136349d elementor-widget elementor-widget-porto_button\" data-id=\"136349d\" data-element_type=\"widget\" data-widget_type=\"porto_button.default\">\n\t\t\t\t<div class=\"elementor-widget-container\">\n\t\t\t\t\t<a aria-label=\"button\" class=\"btn btn-xl btn-primary btn-block btn-full-rounded btn-icon\" href=\"https:\/\/compra.uth.gr\/wp-content\/uploads\/2021\/12\/Guidelines-for-COMPRA-Short-Cycle_en.pdf\"><i class=\"fas fa-download\"><\/i><span >Laadige alla ComPra suunised, et rohkem teada saada<\/span><span class=\"dir-arrow hlb\" data-appear-animation-delay=\"800\" data-appear-animation=\"rotateInUpLeft\"><\/span><\/a>\t\t\t\t<\/div>\n\t\t\t\t<\/div>\n\t\t\t\t\t<\/div>\r\n\t\t\t\t<\/div>\r\n\t\t\t\t\t<\/div>\r\n\t\t\t\t<\/section>\r\n\t\t\t\t<\/div>\n\t\t","protected":false},"excerpt":{"rendered":"<p>Viimastel aastatel on inimesed majandusliku, poliitilise, keskkonna- ja tervishoiukriisi tingimustes otsinud alternatiivseid loogikaid, tavasid ja eetikat, et reageerida sotsiaalsele t\u00f5rjutusele, t\u00f6\u00f6puudusele ja alat\u00f6\u00f6h\u00f5ivele, demokraatia halvustamisele ja keskkonnaseisundi halvenemisele. Nad p\u00fc\u00fcavad uurida, ehitada \u00fcles ja toetada teistsugust, koost\u00f6\u00f6l p\u00f5hinevat eluviisi, mis rakendab demokraatlikke ideaale, egalitaarsust, loovust, kogukonda l\u00e4bi erinevuste ning j\u00e4tkusuutlikke suhteid inimeste ja looduse vahel. [&hellip;]<\/p>\n","protected":false},"author":1,"featured_media":0,"parent":0,"menu_order":0,"comment_status":"closed","ping_status":"closed","template":"","meta":{"content-type":"","footnotes":""},"class_list":["post-1616","page","type-page","status-publish","hentry"],"_links":{"self":[{"href":"https:\/\/compra.uth.gr\/et\/wp-json\/wp\/v2\/pages\/1616","targetHints":{"allow":["GET"]}}],"collection":[{"href":"https:\/\/compra.uth.gr\/et\/wp-json\/wp\/v2\/pages"}],"about":[{"href":"https:\/\/compra.uth.gr\/et\/wp-json\/wp\/v2\/types\/page"}],"author":[{"embeddable":true,"href":"https:\/\/compra.uth.gr\/et\/wp-json\/wp\/v2\/users\/1"}],"replies":[{"embeddable":true,"href":"https:\/\/compra.uth.gr\/et\/wp-json\/wp\/v2\/comments?post=1616"}],"version-history":[{"count":4,"href":"https:\/\/compra.uth.gr\/et\/wp-json\/wp\/v2\/pages\/1616\/revisions"}],"predecessor-version":[{"id":1846,"href":"https:\/\/compra.uth.gr\/et\/wp-json\/wp\/v2\/pages\/1616\/revisions\/1846"}],"wp:attachment":[{"href":"https:\/\/compra.uth.gr\/et\/wp-json\/wp\/v2\/media?parent=1616"}],"curies":[{"name":"wp","href":"https:\/\/api.w.org\/{rel}","templated":true}]}}