{"id":1925,"date":"2023-10-01T23:35:57","date_gmt":"2023-10-01T20:35:57","guid":{"rendered":"https:\/\/compra.uth.gr\/e-portfoolio\/"},"modified":"2023-10-01T23:35:58","modified_gmt":"2023-10-01T20:35:58","slug":"e-portfoolio","status":"publish","type":"page","link":"https:\/\/compra.uth.gr\/et\/e-portfoolio\/","title":{"rendered":"E-portfoolio"},"content":{"rendered":"\t\t<div data-elementor-type=\"wp-page\" data-elementor-id=\"1925\" class=\"elementor elementor-1925 elementor-1305\">\n\t\t\t\t\t\t<section class=\"elementor-section elementor-top-section elementor-element elementor-element-8c95c49 elementor-section-boxed elementor-section-height-default elementor-section-height-default\" data-id=\"8c95c49\" data-element_type=\"section\">\r\n\t\t\r\n\t\t\t\t\t\t\t<div class=\"elementor-container elementor-column-gap-default\">\r\n\t\t\t\t\t\t\t\t\t\t\t<div class=\"elementor-column elementor-col-100 elementor-top-column elementor-element elementor-element-bb3f902\" data-id=\"bb3f902\" data-element_type=\"column\">\r\n\t\t\t\t\t<div class=\"elementor-widget-wrap elementor-element-populated\">\r\n\t\t\t\t\t\t\t\t<section class=\"elementor-section elementor-inner-section elementor-element elementor-element-3ae0fd1 elementor-section-boxed elementor-section-height-default elementor-section-height-default\" data-id=\"3ae0fd1\" data-element_type=\"section\">\r\n\t\t\r\n\t\t\t\t\t\t\t<div class=\"elementor-container elementor-column-gap-default\">\r\n\t\t\t\t\t\t\t\t\t\t\t<div class=\"elementor-column elementor-col-50 elementor-inner-column elementor-element elementor-element-d563a5c\" data-id=\"d563a5c\" data-element_type=\"column\">\r\n\t\t\t\t\t<div class=\"elementor-widget-wrap elementor-element-populated\">\r\n\t\t\t\t\t\t\t\t<div class=\"elementor-element elementor-element-12a3b97 elementor-widget elementor-widget-video\" data-id=\"12a3b97\" data-element_type=\"widget\" data-settings=\"{&quot;youtube_url&quot;:&quot;https:\\\/\\\/www.youtube.com\\\/watch?v=-Pn3AAts1-4&quot;,&quot;video_type&quot;:&quot;youtube&quot;,&quot;controls&quot;:&quot;yes&quot;}\" data-widget_type=\"video.default\">\n\t\t\t\t<div class=\"elementor-widget-container\">\n\t\t\t\t\t\t\t<div class=\"elementor-wrapper elementor-open-inline\">\n\t\t\t<div class=\"elementor-video\"><\/div>\t\t<\/div>\n\t\t\t\t\t\t<\/div>\n\t\t\t\t<\/div>\n\t\t\t\t<div class=\"elementor-element elementor-element-156522a elementor-widget elementor-widget-porto_ultimate_heading\" data-id=\"156522a\" data-element_type=\"widget\" data-widget_type=\"porto_ultimate_heading.default\">\n\t\t\t\t<div class=\"elementor-widget-container\">\n\t\t\t\t\t<div class=\"porto-u-heading  porto-u-55ca8359258f9a412be7e73af65d2aac\"><div class=\"porto-u-sub-heading\" style=\"\"><h3>Mahara, mida kasutatakse ePortfellide rakendamiseks<\/h3><\/div><style>.porto-u-55ca8359258f9a412be7e73af65d2aac.porto-u-heading{text-align:center}<\/style><\/div>\t\t\t\t<\/div>\n\t\t\t\t<\/div>\n\t\t\t\t<div class=\"elementor-element elementor-element-7b4ab80 elementor-widget elementor-widget-video\" data-id=\"7b4ab80\" data-element_type=\"widget\" data-settings=\"{&quot;youtube_url&quot;:&quot;https:\\\/\\\/www.youtube.com\\\/watch?v=VeS1iqQ6VIc&quot;,&quot;video_type&quot;:&quot;youtube&quot;,&quot;controls&quot;:&quot;yes&quot;}\" data-widget_type=\"video.default\">\n\t\t\t\t<div class=\"elementor-widget-container\">\n\t\t\t\t\t\t\t<div class=\"elementor-wrapper elementor-open-inline\">\n\t\t\t<div class=\"elementor-video\"><\/div>\t\t<\/div>\n\t\t\t\t\t\t<\/div>\n\t\t\t\t<\/div>\n\t\t\t\t\t<\/div>\r\n\t\t\t\t<\/div>\r\n\t\t\t\t<div class=\"elementor-column elementor-col-50 elementor-inner-column elementor-element elementor-element-b69f3f9\" data-id=\"b69f3f9\" data-element_type=\"column\">\r\n\t\t\t\t\t<div class=\"elementor-widget-wrap elementor-element-populated\">\r\n\t\t\t\t\t\t\t\t<div class=\"elementor-element elementor-element-a33e8ee elementor-widget elementor-widget-text-editor\" data-id=\"a33e8ee\" data-element_type=\"widget\" data-widget_type=\"text-editor.default\">\n\t\t\t\t<div class=\"elementor-widget-container\">\n\t\t\t\t\t\t\t\t\t<p><span style=\"color: #808080;\">E-portfoolio on avalik aken isiklike saavutuste tutvustamiseks. See on digitaalne kogumik t\u00f6\u00f6dest, mis kajastavad \u00fcksikisiku j\u00f5upingutusi, edusamme, saavutusi ja projektitegevuse k\u00e4igus omandatud p\u00e4devusi. \u00d5pilastel ja praktikantidel on juurdep\u00e4\u00e4s veebip\u00f5hisele ruumile ja vahenditele, et nad saaksid salvestada, salvestada ja struktureerida t\u00f5endeid oma \u00f5pitulemuste ja -v\u00f5imete t\u00f5endamiseks; ise hinnata ja j\u00e4lgida oma \u00f5ppimise arengut; jagada oma \u00f5piradade elemente eakaaslaste ja koolitajatega. Lisaks on see suunatud k\u00f5igile asjaomastele \u00f5ppijatele, praktikantidele ja noorsoot\u00f6\u00f6tajatele, kes soovivad oma v\u00f5imeid t\u00f6\u00f6turu vajadusi silmas pidades liigitada ja \u00fchtlustada. See intellektuaalne v\u00e4ljund peaks edendama praktikantide osalemist \u00f5ppimises, reflekteerivat praktikat, \u00f5pilaskeskseid \u00f5pieesm\u00e4rke ja isejuhtivat elukestvat \u00f5pet. E-portfoolio eesm\u00e4rk: E-portfooliol on kaks p\u00f5hilist eesm\u00e4rki:<\/span><br \/><span style=\"color: #808080;\">&#8211; \u00d5ppetegevuse ja t\u00f6\u00f6 dokumenteerimine,<\/span><br \/><span style=\"color: #808080;\">&#8211; mis on aluseks \u00f5ppetegevuse hindamisel ja t\u00f6\u00f6tamisel antud standardite alusel.<\/span><br \/><span style=\"color: #808080;\">E-portfoolio eelised<\/span><br \/><span style=\"color: #808080;\">&#8211; Portfoolio annab kasu kriteeriumidest, mida kasutatakse individuaalsete \u00f5ppetegevuste ja t\u00f6\u00f6de hindamisel.<\/span><br \/><span style=\"color: #808080;\">&#8211; Portfoolio pakub otsest t\u00f5endusmaterjali \u00fcksikisiku \u00f5ppetegevuse ja t\u00f6\u00f6 kohta.<\/span><br \/><span style=\"color: #808080;\">&#8211; Portfoolio annab v\u00f5imaluse eneseanal\u00fc\u00fcsiks ja refleksiooniks.<\/span><br \/><span style=\"color: #808080;\">&#8211; On \u00fcks &#8220;elektroonilise kirjastamise&#8221; vorm.<\/span><\/p>\n\t\t\t\t\t\t\t\t<\/div>\n\t\t\t\t<\/div>\n\t\t\t\t<div class=\"elementor-element elementor-element-2e39256 elementor-widget elementor-widget-porto_info_box\" data-id=\"2e39256\" data-element_type=\"widget\" data-widget_type=\"porto_info_box.default\">\n\t\t\t\t<div class=\"elementor-widget-container\">\n\t\t\t\t\t<div class=\"porto-sicon-box style_1 left-icon\"><div class=\"porto-sicon-left\"><div class=\"porto-just-icon-wrapper porto-icon none\" style=\"\"><i class=\"fas fa-info-circle\"><\/i><\/div><\/div><div class=\"porto-sicon-body\"><div class=\"porto-sicon-description\" style=\"\" ><h4><a href=\"https:\/\/slyms.expertprojects.eu\/\" data-wplink-edit=\"true\"><strong>Kl\u00f5psake oma e-portfoolio loomiseks<\/strong><\/a><\/h4><\/div> <!-- description --><\/div><\/div><!-- porto-sicon-box -->\t\t\t\t<\/div>\n\t\t\t\t<\/div>\n\t\t\t\t\t<\/div>\r\n\t\t\t\t<\/div>\r\n\t\t\t\t\t<\/div>\r\n\t\t\t\t<\/section>\r\n\t\t\t\t\t<\/div>\r\n\t\t\t\t<\/div>\r\n\t\t\t\t\t<\/div>\r\n\t\t\t\t<\/section>\r\n\t\t\t\t<section class=\"elementor-section elementor-top-section elementor-element elementor-element-767896c elementor-section-boxed elementor-section-height-default elementor-section-height-default\" data-id=\"767896c\" data-element_type=\"section\">\r\n\t\t\r\n\t\t\t\t\t\t\t<div class=\"elementor-container elementor-column-gap-default\">\r\n\t\t\t\t\t\t\t\t\t\t\t<div class=\"elementor-column elementor-col-100 elementor-top-column elementor-element elementor-element-a296dda\" data-id=\"a296dda\" data-element_type=\"column\">\r\n\t\t\t\t\t<div class=\"elementor-widget-wrap elementor-element-populated\">\r\n\t\t\t\t\t\t\t\t<div class=\"elementor-element elementor-element-1a52924 elementor-widget elementor-widget-text-editor\" data-id=\"1a52924\" data-element_type=\"widget\" data-widget_type=\"text-editor.default\">\n\t\t\t\t<div class=\"elementor-widget-container\">\n\t\t\t\t\t\t\t\t\t<h3>COMPRA \u00f5pilase e-portfoolio<\/h3>\n<ul>\n<li>\n<h3><strong><a href=\"https:\/\/slyms.expertprojects.eu\/view\/view.php?id=86\" target=\"_blank\" rel=\"noopener\">Jaden Gomes<\/a><\/strong><\/h3>\n<\/li>\n<li>\n<h3><strong><a href=\"https:\/\/slyms.expertprojects.eu\/view\/view.php?t=G2436YVhAEbDqPaZTwe0\" target=\"_blank\" rel=\"noopener\">Catherine Streich<\/a><\/strong><\/h3>\n<\/li>\n<li>\n<h3><strong><a href=\"https:\/\/slyms.expertprojects.eu\/view\/view.php?id=92\" target=\"_blank\" rel=\"noopener\">PT meeskond Universitat Pompeu Fabra&#8217;s<\/a><\/strong><\/h3>\n<\/li>\n<\/ul>\n\t\t\t\t\t\t\t\t<\/div>\n\t\t\t\t<\/div>\n\t\t\t\t\t<\/div>\r\n\t\t\t\t<\/div>\r\n\t\t\t\t\t<\/div>\r\n\t\t\t\t<\/section>\r\n\t\t\t\t<\/div>\n\t\t","protected":false},"excerpt":{"rendered":"<p>Mahara, mida kasutatakse ePortfellide rakendamiseks https:\/\/www.youtube.com\/watch?v=VeS1iqQ6VIc E-portfoolio on avalik aken isiklike saavutuste tutvustamiseks. See on digitaalne kogumik t\u00f6\u00f6dest, mis kajastavad \u00fcksikisiku j\u00f5upingutusi, edusamme, saavutusi ja projektitegevuse k\u00e4igus omandatud p\u00e4devusi. \u00d5pilastel ja praktikantidel on juurdep\u00e4\u00e4s veebip\u00f5hisele ruumile ja vahenditele, et nad saaksid salvestada, salvestada ja struktureerida t\u00f5endeid oma \u00f5pitulemuste ja -v\u00f5imete t\u00f5endamiseks; ise hinnata ja j\u00e4lgida [&hellip;]<\/p>\n","protected":false},"author":2,"featured_media":0,"parent":0,"menu_order":0,"comment_status":"closed","ping_status":"closed","template":"","meta":{"content-type":"","footnotes":""},"class_list":["post-1925","page","type-page","status-publish","hentry"],"_links":{"self":[{"href":"https:\/\/compra.uth.gr\/et\/wp-json\/wp\/v2\/pages\/1925","targetHints":{"allow":["GET"]}}],"collection":[{"href":"https:\/\/compra.uth.gr\/et\/wp-json\/wp\/v2\/pages"}],"about":[{"href":"https:\/\/compra.uth.gr\/et\/wp-json\/wp\/v2\/types\/page"}],"author":[{"embeddable":true,"href":"https:\/\/compra.uth.gr\/et\/wp-json\/wp\/v2\/users\/2"}],"replies":[{"embeddable":true,"href":"https:\/\/compra.uth.gr\/et\/wp-json\/wp\/v2\/comments?post=1925"}],"version-history":[{"count":1,"href":"https:\/\/compra.uth.gr\/et\/wp-json\/wp\/v2\/pages\/1925\/revisions"}],"predecessor-version":[{"id":1926,"href":"https:\/\/compra.uth.gr\/et\/wp-json\/wp\/v2\/pages\/1925\/revisions\/1926"}],"wp:attachment":[{"href":"https:\/\/compra.uth.gr\/et\/wp-json\/wp\/v2\/media?parent=1925"}],"curies":[{"name":"wp","href":"https:\/\/api.w.org\/{rel}","templated":true}]}}