{"id":1614,"date":"2023-01-06T17:07:42","date_gmt":"2023-01-06T14:07:42","guid":{"rendered":"https:\/\/compra.uth.gr\/inicio\/"},"modified":"2023-09-30T22:59:56","modified_gmt":"2023-09-30T19:59:56","slug":"inicio","status":"publish","type":"page","link":"https:\/\/compra.uth.gr\/pt-pt\/","title":{"rendered":"In\u00edcio"},"content":{"rendered":"\t\t<div data-elementor-type=\"wp-page\" data-elementor-id=\"1614\" class=\"elementor elementor-1614 elementor-5\">\n\t\t\t\t\t\t<section class=\"elementor-section elementor-top-section elementor-element elementor-element-3d9762bb elementor-section-boxed elementor-section-height-default elementor-section-height-default\" data-id=\"3d9762bb\" data-element_type=\"section\" data-settings=\"{&quot;background_background&quot;:&quot;classic&quot;}\">\r\n\t\t\r\n\t\t\t\t\t\t\t<div class=\"elementor-container elementor-column-gap-default\">\r\n\t\t\t\t\t\t\t\t\t\t\t<div class=\"elementor-column elementor-col-100 elementor-top-column elementor-element elementor-element-200f2106 elementor-invisible\" data-id=\"200f2106\" data-element_type=\"column\" data-settings=\"{&quot;animation&quot;:&quot;fadeInUp&quot;,&quot;animation_delay&quot;:&quot;1000&quot;}\">\r\n\t\t\t\t\t<div class=\"elementor-widget-wrap elementor-element-populated\">\r\n\t\t\t\t\t\t\t\t<div class=\"elementor-element elementor-element-73903e2 col-md-10  elementor-widget elementor-widget-porto_ultimate_heading\" data-id=\"73903e2\" data-element_type=\"widget\" data-widget_type=\"porto_ultimate_heading.default\">\n\t\t\t\t<div class=\"elementor-widget-container\">\n\t\t\t\t\t<div class=\"porto-u-heading  porto-u-55ca8359258f9a412be7e73af65d2aac\"><div class=\"porto-u-main-heading\"><h2    style=\"margin-bottom: 20px;\">Sobre a ComPra<\/h2><\/div><div class=\"porto-u-sub-heading\" style=\"margin-bottom:20px;\"><p>O projecto Cursos Combinados de Forma\u00e7\u00e3o de Ciclo Curto sobre 'Pr\u00e1ticas Comuns (doravante ComPra) introduz o paradigma emergente dos 'commons' como um sistema alternativo de valor e ac\u00e7\u00e3o no campo da educa\u00e7\u00e3o, e chama criticamente a aten\u00e7\u00e3o para as implica\u00e7\u00f5es dos commons na refigura\u00e7\u00e3o da educa\u00e7\u00e3o e na viabiliza\u00e7\u00e3o da inclus\u00e3o social activa e na promo\u00e7\u00e3o do bem-estar para todos. Os comuns s\u00e3o sistemas sociais vivos e din\u00e2micos que se desenvolvem em torno dos valores da propriedade colectiva e da gest\u00e3o equitativa dos recursos ou bens estabelecidos por diferentes comunidades para assegurar a sobreviv\u00eancia e prosperidade de cada um dos seus membros (Bollier &amp; Helfrich 2012). As pessoas que aceitaram a l\u00f3gica dos comuns, isto \u00e9, dos plebeus, procuram criar uma rede social de coopera\u00e7\u00e3o, solidariedade, di\u00e1logo, partilha e interdepend\u00eancia que ligue todos os membros de uma comunidade por igual.<\/p><\/div><style>.porto-u-55ca8359258f9a412be7e73af65d2aac.porto-u-heading{text-align:center}<\/style><\/div>\t\t\t\t<\/div>\n\t\t\t\t<\/div>\n\t\t\t\t\t<\/div>\r\n\t\t\t\t<\/div>\r\n\t\t\t\t\t<\/div>\r\n\t\t\t\t<\/section>\r\n\t\t\t\t<section data-plugin-parallax=\"\" data-plugin-options=\"{&quot;speed&quot;: 1.5}\" class=\"elementor-section elementor-top-section elementor-element elementor-element-a1df600 elementor-section-boxed elementor-section-height-default elementor-section-height-default\" data-id=\"a1df600\" data-element_type=\"section\" data-settings=\"{&quot;background_background&quot;:&quot;classic&quot;}\">\r\n\t\t\r\n\t\t\t\t\t\t\t<div class=\"elementor-container elementor-column-gap-default\">\r\n\t\t\t\t\t\t\t\t\t\t\t<div class=\"elementor-column elementor-col-100 elementor-top-column elementor-element elementor-element-509bc4f col-md-9 col-xl-6 col-lg-7 elementor-invisible\" data-id=\"509bc4f\" data-element_type=\"column\" data-settings=\"{&quot;background_background&quot;:&quot;classic&quot;,&quot;animation&quot;:&quot;fadeInRight&quot;,&quot;animation_delay&quot;:&quot;100&quot;}\">\r\n\t\t\t\t\t<div class=\"elementor-widget-wrap elementor-element-populated\">\r\n\t\t\t\t\t\t\t\t<div class=\"elementor-element elementor-element-90d2c2d elementor-widget elementor-widget-porto_countdown\" data-id=\"90d2c2d\" data-element_type=\"widget\" data-widget_type=\"porto_countdown.default\">\n\t\t\t\t<div class=\"elementor-widget-container\">\n\t\t\t\t\t<div class=\"porto_countdown   porto-cd-s1\"><div class=\"porto_countdown-div porto_countdown-dateAndTime porto-usrtz count-down-wrap-d751713988987e9331980363e24189ce\" data-labels=\",,,Dias,Horas,Minutos,Segundos\" data-labels2=\",,,Day,Hour,Min,Sec\"  data-terminal-date=\"2023\/02\/02 13:00:00\" data-countformat=\"DHMS\" data-time-zone=\"3\" data-time-now=\"2026\/05\/03 00:02:35\"  data-tick-col=\"\" data-tick-p-col=\"\"  data-tick-style=\"\"  data-tick-p-style=\"\" ><span class=\"porto_countdown-row porto_countdown-show4\"><span class=\"porto_countdown-section\"><span class=\"porto_time-mid\"><span class=\"porto_countdown-amount\">00<\/span><span class=\"porto_countdown-period\">Dias<\/span><\/span><\/span><span class=\"porto_countdown-section\"><span class=\"porto_time-mid\"><span class=\"porto_countdown-amount\">00<\/span><span class=\"porto_countdown-period\">Horas<\/span><\/span><\/span><span class=\"porto_countdown-section\"><span class=\"porto_time-mid\"><span class=\"porto_countdown-amount\">00<\/span><span class=\"porto_countdown-period\">Minutos<\/span><\/span><\/span><span class=\"porto_countdown-section\"><span class=\"porto_time-mid\"><span class=\"porto_countdown-amount\">00<\/span><span class=\"porto_countdown-period\">Segundos<\/span><\/span><\/span><\/span><\/div><\/div>\t\t\t\t<\/div>\n\t\t\t\t<\/div>\n\t\t\t\t<div class=\"elementor-element elementor-element-b9020ca elementor-widget elementor-widget-porto_ultimate_heading\" data-id=\"b9020ca\" data-element_type=\"widget\" data-widget_type=\"porto_ultimate_heading.default\">\n\t\t\t\t<div class=\"elementor-widget-container\">\n\t\t\t\t\t<div class=\"porto-u-heading  porto-u-55ca8359258f9a412be7e73af65d2aac\"><div class=\"porto-u-main-heading\"><h2    style=\"margin-bottom: 5px;\">Confer\u00eancia Internacional da ComPra<br>4 de Fevereiro de 2023<br>NOESIS - Centro de Ci\u00eancia e Museu de Tecnologia, Sal\u00f3nica, Gr\u00e9cia<\/h2><\/div><div class=\"porto-u-sub-heading\" style=\"\"><p>Sem taxas de registo<\/p><p> <\/p><\/div><style>.porto-u-55ca8359258f9a412be7e73af65d2aac.porto-u-heading{text-align:center}<\/style><\/div>\t\t\t\t<\/div>\n\t\t\t\t<\/div>\n\t\t\t\t<div class=\"elementor-element elementor-element-90b2dec elementor-widget elementor-widget-shortcode\" data-id=\"90b2dec\" data-element_type=\"widget\" data-widget_type=\"shortcode.default\">\n\t\t\t\t<div class=\"elementor-widget-container\">\n\t\t\t\t\t\t\t<div class=\"elementor-shortcode\">\n<div class=\"wpcf7 no-js\" id=\"wpcf7-f203-o1\" lang=\"en-US\" dir=\"ltr\" data-wpcf7-id=\"203\">\n<div class=\"screen-reader-response\"><p role=\"status\" aria-live=\"polite\" aria-atomic=\"true\"><\/p> <ul><\/ul><\/div>\n<form action=\"\/pt-pt\/wp-json\/wp\/v2\/pages\/1614#wpcf7-f203-o1\" method=\"post\" class=\"wpcf7-form init\" aria-label=\"Contact form\" novalidate=\"novalidate\" data-status=\"init\">\n<div style=\"display: none;\">\n<input type=\"hidden\" name=\"_wpcf7\" value=\"203\" \/>\n<input type=\"hidden\" name=\"_wpcf7_version\" value=\"6.0.5\" \/>\n<input type=\"hidden\" name=\"_wpcf7_locale\" value=\"en_US\" \/>\n<input type=\"hidden\" name=\"_wpcf7_unit_tag\" value=\"wpcf7-f203-o1\" \/>\n<input type=\"hidden\" name=\"_wpcf7_container_post\" value=\"0\" \/>\n<input type=\"hidden\" name=\"_wpcf7_posted_data_hash\" value=\"\" \/>\n<\/div>\n<div class=\"row custom-form-style-1\">\n\t<div class=\"form-group col-md-6 pr-md-0\">\n\t\t<p><span class=\"wpcf7-form-control-wrap\" data-name=\"your-first-name\"><input size=\"40\" maxlength=\"400\" class=\"wpcf7-form-control wpcf7-text wpcf7-validates-as-required form-control background-color-tertiary\" aria-required=\"true\" aria-invalid=\"false\" placeholder=\"FIRST NAME*\" value=\"\" type=\"text\" name=\"your-first-name\" \/><\/span>\n\t\t<\/p>\n\t<\/div>\n\t<div class=\"form-group col-md-6 pl-md-0\">\n\t\t<p><span class=\"wpcf7-form-control-wrap\" data-name=\"your-last-name\"><input size=\"40\" maxlength=\"400\" class=\"wpcf7-form-control wpcf7-text wpcf7-validates-as-required form-control background-color-tertiary\" aria-required=\"true\" aria-invalid=\"false\" placeholder=\"LAST NAME*\" value=\"\" type=\"text\" name=\"your-last-name\" \/><\/span>\n\t\t<\/p>\n\t<\/div>\n<\/div>\n<div class=\"row custom-form-style-1\">\n\t<div class=\"form-group col-md-6 pr-md-0\">\n\t\t<p><span class=\"wpcf7-form-control-wrap\" data-name=\"your-organisation\"><input size=\"40\" maxlength=\"400\" class=\"wpcf7-form-control wpcf7-text wpcf7-validates-as-required form-control background-color-tertiary\" aria-required=\"true\" aria-invalid=\"false\" placeholder=\"ORGANISATION*\" value=\"\" type=\"text\" name=\"your-organisation\" \/><\/span>\n\t\t<\/p>\n\t<\/div>\n\t<div class=\"form-group col-md-6 pl-md-0\">\n\t\t<p><span class=\"wpcf7-form-control-wrap\" data-name=\"your-email\"><input size=\"40\" maxlength=\"400\" class=\"wpcf7-form-control wpcf7-email wpcf7-validates-as-required wpcf7-text wpcf7-validates-as-email form-control background-color-tertiary\" aria-required=\"true\" aria-invalid=\"false\" placeholder=\"EMAIL*\" value=\"\" type=\"email\" name=\"your-email\" \/><\/span>\n\t\t<\/p>\n\t<\/div>\n<\/div>\n<div class=\"row\">\n\t<div class=\"form-group col-12\">\n\t\t<p><input class=\"wpcf7-form-control wpcf7-submit has-spinner btn btn-primary w-100 font-weight-semibold d-block\" type=\"submit\" value=\"REGISTER NOW\" \/>\n\t\t<\/p>\n\t<\/div>\n<\/div><div class=\"wpcf7-response-output\" aria-hidden=\"true\"><\/div>\n<\/form>\n<\/div>\n<\/div>\n\t\t\t\t\t\t<\/div>\n\t\t\t\t<\/div>\n\t\t\t\t\t<\/div>\r\n\t\t\t\t<\/div>\r\n\t\t\t\t\t<\/div>\r\n\t\t\t\t<\/section>\r\n\t\t\t\t<section class=\"elementor-section elementor-top-section elementor-element elementor-element-e560a65 elementor-section-boxed elementor-section-height-default elementor-section-height-default\" data-id=\"e560a65\" data-element_type=\"section\">\r\n\t\t\r\n\t\t\t\t\t\t\t<div class=\"elementor-container elementor-column-gap-default\">\r\n\t\t\t\t\t\t\t\t\t\t\t<div class=\"elementor-column elementor-col-100 elementor-top-column elementor-element elementor-element-78211a7\" data-id=\"78211a7\" data-element_type=\"column\">\r\n\t\t\t\t\t<div class=\"elementor-widget-wrap elementor-element-populated\">\r\n\t\t\t\t\t\t\t\t<div class=\"elementor-element elementor-element-91951f0 elementor-widget elementor-widget-heading\" data-id=\"91951f0\" data-element_type=\"widget\" data-widget_type=\"heading.default\">\n\t\t\t\t<div class=\"elementor-widget-container\">\n\t\t\t\t\t<h2 class=\"elementor-heading-title elementor-size-default\">Not\u00edcias mais recentes<\/h2>\t\t\t\t<\/div>\n\t\t\t\t<\/div>\n\t\t\t\t<div class=\"elementor-element elementor-element-d871127 elementor-widget elementor-widget-porto_blog\" data-id=\"d871127\" data-element_type=\"widget\" data-widget_type=\"porto_blog.default\">\n\t\t\t\t<div class=\"elementor-widget-container\">\n\t\t\t\t\t<div class=\"porto-blog wpb_content_element  porto-blog-d751713988987e9331980363e24189ce\">\t\t<div class=\"blog-posts posts-grid\">\r\n\t\t\t<div class=\"posts-container row\">\r\n\t\t\n<article class=\"post post-grid col-md-6 col-lg-4 post-1910 post type-post status-publish format-standard hentry category-sem-categoria\">\n\t<div class=\"grid-box\">\n\t\t\n\t\t<!-- Post meta before content -->\n\t\t<div class=\"post-meta\"><span class=\"meta-date\"><i class=\"far fa-calendar-alt\"><\/i>Outubro 1, 2023<\/span><\/div><div class=\"post-meta\"><\/div>\t\t<div class=\"post-content\">\n\n\t\t\t<h4 class=\"entry-title\"><a href=\"https:\/\/compra.uth.gr\/pt-pt\/praticas-comuns-em-educacao-para-a-inclusao-social-conferencia-a-4-de-fevereiro-de-2023\/\">Pr\u00e1ticas Comuns em Educa\u00e7\u00e3o para a Inclus\u00e3o Social &#8211; Confer\u00eancia a 4 de fevereiro de 2023<\/a><\/h4>\n\t\t\t<span class=\"vcard\" style=\"display: none;\"><span class=\"fn\"><a href=\"https:\/\/compra.uth.gr\/pt-pt\/author\/itprojadmin\/\" title=\"Artigos de IT Administrator\" rel=\"author\">IT Administrator<\/a><\/span><\/span><span class=\"updated\" style=\"display:none\">2023-10-01T22:51:21+03:00<\/span><p class=\"post-excerpt\">&nbsp;&nbsp;&nbsp;&nbsp;&nbsp;&nbsp;&nbsp;&nbsp;&nbsp;&nbsp;&nbsp;&nbsp;&nbsp;&nbsp;&nbsp;&nbsp;&nbsp;&nbsp;&nbsp;&nbsp;&nbsp;&nbsp;&nbsp;&nbsp;&nbsp;&nbsp;&nbsp;&nbsp;&nbsp;&nbsp;&nbsp;&nbsp;&nbsp;&nbsp;&nbsp;&nbsp;&nbsp;&nbsp;&nbsp;&nbsp;&nbsp;&nbsp;&nbsp;&nbsp;&nbsp;&nbsp;&nbsp;&nbsp;&nbsp;&nbsp;&nbsp;&nbsp;&nbsp;&nbsp;  &nbsp; &nbsp; &nbsp;&nbsp;  &nbsp; &nbsp; &nbsp; &nbsp; &nbsp; &nbsp; &nbsp; &nbsp; &nbsp; &nbsp; &nbsp; &nbsp; &nbsp; &nbsp; &nbsp; &nbsp; &nbsp; &nbsp; &nbsp; &nbsp; &nbsp; &nbsp; &nbsp; &nbsp;...<\/p>\t\t\t\t\t<\/div>\n\t\t<!-- Post meta after content -->\n\t\t\t\t<div class=\"clearfix\">\n\t\t\t<a class=\"btn btn-xs btn-default text-xs text-uppercase btn-readmore\" href=\"https:\/\/compra.uth.gr\/pt-pt\/praticas-comuns-em-educacao-para-a-inclusao-social-conferencia-a-4-de-fevereiro-de-2023\/\">Read more...<\/a>\n\t\t<\/div>\n\t<\/div>\n<\/article>\n\r\n\t\r\n\t\t\t<\/div>\r\n\t\t<\/div>\r\n\r\n\t\r\n\t\t\t<div class=\"push-top m-b-xxl text-center\">\r\n\t\t\t<a class=\"btn btn-primary\" href=\"https:\/\/compra.uth.gr\/pt-pt\/blog\/\">View More<\/a>\r\n\t\t<\/div>\r\n\t\r\n\t<\/div>\t\t\t\t<\/div>\n\t\t\t\t<\/div>\n\t\t\t\t\t<\/div>\r\n\t\t\t\t<\/div>\r\n\t\t\t\t\t<\/div>\r\n\t\t\t\t<\/section>\r\n\t\t\t\t<section data-plugin-parallax=\"\" data-plugin-options=\"{&quot;speed&quot;: 1.1}\" class=\"elementor-section elementor-top-section elementor-element elementor-element-a512432 elementor-section-boxed elementor-section-height-default elementor-section-height-default\" data-id=\"a512432\" data-element_type=\"section\" data-settings=\"{&quot;background_background&quot;:&quot;classic&quot;}\">\r\n\t\t\r\n\t\t\t\t\t\t\t<div class=\"elementor-container elementor-column-gap-default\">\r\n\t\t\t\t\t\t\t\t\t\t\t<div class=\"elementor-column elementor-col-100 elementor-top-column elementor-element elementor-element-b6b76e1 col-md-10 offset-lg-5 col-lg-7 offset-md-2 px-0\" data-id=\"b6b76e1\" data-element_type=\"column\">\r\n\t\t\t\t\t<div class=\"elementor-widget-wrap elementor-element-populated\">\r\n\t\t\t\t\t\t\t\t<div class=\"elementor-element elementor-element-8ea393e elementor-invisible elementor-widget elementor-widget-porto_info_box\" data-id=\"8ea393e\" data-element_type=\"widget\" data-settings=\"{&quot;_animation&quot;:&quot;fadeInUp&quot;}\" data-widget_type=\"porto_info_box.default\">\n\t\t\t\t<div class=\"elementor-widget-container\">\n\t\t\t\t\t<div class=\"porto-sicon-box style_1 left-icon\"><div class=\"porto-sicon-left\"><div class=\"porto-just-icon-wrapper porto-sicon-img  porto-icon-d751713988987e9331980363e24189ce\" style=\"\"><img decoding=\"async\" class=\"img-icon\" alt=\"icon\" src=\"https:\/\/compra.uth.gr\/wp-content\/uploads\/2018\/05\/icon-1.png\" width=\"96\" height=\"70\" \/><\/div><\/div><div class=\"porto-sicon-body\"><div class=\"porto-sicon-header\"><h3 class=\"porto-sicon-title\" style=\"\">Objectivos<\/h3><\/div> <!-- header --><div class=\"porto-sicon-description\" style=\"\" ><p>1. Desenvolver um modelo educativo novo, inovador, \u00e9tico e aplicado atrav\u00e9s da lente do comum:<br>2. Incluir discuss\u00f5es te\u00f3ricas e metodol\u00f3gicas sobre os assuntos comuns e pr\u00e1ticas comuns nos curr\u00edculos da IES.<br>3. Fomentar a cultura democr\u00e1tica participativa da comunidade do Ensino Superior.<br>4. Difundir a l\u00f3gica do cidad\u00e3o comum para aumentar a participa\u00e7\u00e3o dos indiv\u00edduos na vida p\u00fablica, no envolvimento social e c\u00edvico e na ag\u00eancia.<br>5. Fornecer um plano estrat\u00e9gico de desenvolvimento profissional para o pessoal acad\u00e9mico em linha com as necessidades e objectivos individuais e sociais (abordagem diferenciada em pedagogia).<br>6. Assegurar um ambiente din\u00e2mico e profissional \u00e0s IES, pronto a inserir boas pr\u00e1ticas e novos conceitos e pr\u00e1ticas pedag\u00f3gicas nas actividades di\u00e1rias<\/p><\/div> <!-- description --><\/div><\/div><!-- porto-sicon-box -->\t\t\t\t<\/div>\n\t\t\t\t<\/div>\n\t\t\t\t<div class=\"elementor-element elementor-element-97112ed elementor-invisible elementor-widget elementor-widget-porto_info_box\" data-id=\"97112ed\" data-element_type=\"widget\" data-settings=\"{&quot;_animation&quot;:&quot;fadeInUp&quot;,&quot;_animation_delay&quot;:&quot;200&quot;}\" data-widget_type=\"porto_info_box.default\">\n\t\t\t\t<div class=\"elementor-widget-container\">\n\t\t\t\t\t<div class=\"porto-sicon-box style_1 left-icon\"><div class=\"porto-sicon-left\"><div class=\"porto-just-icon-wrapper porto-sicon-img  porto-icon-d751713988987e9331980363e24189ce\" style=\"\"><img decoding=\"async\" class=\"img-icon\" alt=\"icon\" src=\"https:\/\/compra.uth.gr\/wp-content\/uploads\/2018\/05\/icon-2.png\" width=\"98\" height=\"80\" \/><\/div><\/div><div class=\"porto-sicon-body\"><div class=\"porto-sicon-header\"><h3 class=\"porto-sicon-title\" style=\"\">Resultados da aprendizagem<\/h3><\/div> <!-- header --><div class=\"porto-sicon-description\" style=\"\" ><p>No curso, o aluno aprender\u00e1 a<br>- Cooperar num ambiente de equipa em direc\u00e7\u00e3o a um objectivo comum<br>- Pensar criticamente atrav\u00e9s de uma abordagem baseada em problemas em aberto<br>- Aplicar a l\u00f3gica dos comuns<br>- Valorizar valores como a multiculturalidade, a perspectiva de g\u00e9nero, a toler\u00e2ncia, etc., atrav\u00e9s de bens comuns educativos<br>- Estar consciente e lidar com as desigualdades de uma forma construtiva<br>- Reflectir sobre o papel do discurso dos meios de comunica\u00e7\u00e3o social na constru\u00e7\u00e3o de imagin\u00e1rios<br>- Utilizar as caracter\u00edsticas comuns entre pares para melhorar a colabora\u00e7\u00e3o e a cria\u00e7\u00e3o de conte\u00fados<br>- Melhorar a sua investiga\u00e7\u00e3o, digital, comunica\u00e7\u00e3o e compet\u00eancias sociais<\/p><\/div> <!-- description --><\/div><\/div><!-- porto-sicon-box -->\t\t\t\t<\/div>\n\t\t\t\t<\/div>\n\t\t\t\t<div class=\"elementor-element elementor-element-381dd8d elementor-invisible elementor-widget elementor-widget-porto_info_box\" data-id=\"381dd8d\" data-element_type=\"widget\" data-settings=\"{&quot;_animation&quot;:&quot;fadeInUp&quot;,&quot;_animation_delay&quot;:&quot;400&quot;}\" data-widget_type=\"porto_info_box.default\">\n\t\t\t\t<div class=\"elementor-widget-container\">\n\t\t\t\t\t<div class=\"porto-sicon-box style_1 left-icon\"><div class=\"porto-sicon-left\"><div class=\"porto-just-icon-wrapper porto-sicon-img  porto-icon-d751713988987e9331980363e24189ce\" style=\"\"><img decoding=\"async\" class=\"img-icon\" alt=\"icon\" src=\"https:\/\/compra.uth.gr\/wp-content\/uploads\/2018\/05\/icon-3.png\" width=\"98\" height=\"86\" \/><\/div><\/div><div class=\"porto-sicon-body\"><div class=\"porto-sicon-header\"><h3 class=\"porto-sicon-title\" style=\"\">O que ir\u00e3o ganhar os estudantes<\/h3><\/div> <!-- header --><div class=\"porto-sicon-description\" style=\"\" ><p>1. Tornarem-se pioneiros nas pr\u00e1ticas emergentes dos comuns na Educa\u00e7\u00e3o.<br>2. Ganhar experi\u00eancia no pensamento criativo para a partilha de bens, produ\u00e7\u00e3o de recursos m\u00fatuos, auto-governa\u00e7\u00e3o e modelos peer-to-peer<br>3. Ganhar conhecimentos te\u00f3ricos e pr\u00e1ticos robustos em torno do discurso e pr\u00e1ticas comuns para desenvolver uma compreens\u00e3o integrada e criticamente consciente do comum e promover uma abordagem cr\u00edtica e anal\u00edtica dos desafios contempor\u00e2neos na Educa\u00e7\u00e3o.<br>4. Desenvolver aptid\u00f5es para construir\/fortalecimento da identidade dos plebeus.<br>5. Aumentar a compet\u00eancia em l\u00ednguas estrangeiras, e melhorar os seus instrumentos de comunica\u00e7\u00e3o<br>6. Melhorar o seu perfil profissional, e aumentar as oportunidades de desenvolvimento profissional<\/p><\/div> <!-- description --><\/div><\/div><!-- porto-sicon-box -->\t\t\t\t<\/div>\n\t\t\t\t<\/div>\n\t\t\t\t\t<\/div>\r\n\t\t\t\t<\/div>\r\n\t\t\t\t\t<\/div>\r\n\t\t\t\t<\/section>\r\n\t\t\t\t<\/div>\n\t\t","protected":false},"excerpt":{"rendered":"<p>Sobre a ComPra O projecto Cursos Combinados de Forma\u00e7\u00e3o de Ciclo Curto sobre &#8216;Pr\u00e1ticas Comuns (doravante ComPra) introduz o paradigma emergente dos &#8216;commons&#8217; como um sistema alternativo de valor e ac\u00e7\u00e3o no campo da educa\u00e7\u00e3o, e chama criticamente a aten\u00e7\u00e3o para as implica\u00e7\u00f5es dos commons na refigura\u00e7\u00e3o da educa\u00e7\u00e3o e na viabiliza\u00e7\u00e3o da inclus\u00e3o social [&hellip;]<\/p>\n","protected":false},"author":1,"featured_media":0,"parent":0,"menu_order":0,"comment_status":"closed","ping_status":"closed","template":"","meta":{"content-type":"","footnotes":""},"class_list":["post-1614","page","type-page","status-publish","hentry"],"_links":{"self":[{"href":"https:\/\/compra.uth.gr\/pt-pt\/wp-json\/wp\/v2\/pages\/1614","targetHints":{"allow":["GET"]}}],"collection":[{"href":"https:\/\/compra.uth.gr\/pt-pt\/wp-json\/wp\/v2\/pages"}],"about":[{"href":"https:\/\/compra.uth.gr\/pt-pt\/wp-json\/wp\/v2\/types\/page"}],"author":[{"embeddable":true,"href":"https:\/\/compra.uth.gr\/pt-pt\/wp-json\/wp\/v2\/users\/1"}],"replies":[{"embeddable":true,"href":"https:\/\/compra.uth.gr\/pt-pt\/wp-json\/wp\/v2\/comments?post=1614"}],"version-history":[{"count":12,"href":"https:\/\/compra.uth.gr\/pt-pt\/wp-json\/wp\/v2\/pages\/1614\/revisions"}],"predecessor-version":[{"id":1840,"href":"https:\/\/compra.uth.gr\/pt-pt\/wp-json\/wp\/v2\/pages\/1614\/revisions\/1840"}],"wp:attachment":[{"href":"https:\/\/compra.uth.gr\/pt-pt\/wp-json\/wp\/v2\/media?parent=1614"}],"curies":[{"name":"wp","href":"https:\/\/api.w.org\/{rel}","templated":true}]}}