{"id":1927,"date":"2023-10-01T23:36:40","date_gmt":"2023-10-01T20:36:40","guid":{"rendered":"https:\/\/compra.uth.gr\/carteira-eletronica\/"},"modified":"2023-10-01T23:39:57","modified_gmt":"2023-10-01T20:39:57","slug":"carteira-eletronica","status":"publish","type":"page","link":"https:\/\/compra.uth.gr\/pt-pt\/carteira-eletronica\/","title":{"rendered":"Carteira eletr\u00f3nica"},"content":{"rendered":"\t\t<div data-elementor-type=\"wp-page\" data-elementor-id=\"1927\" class=\"elementor elementor-1927 elementor-1305\">\n\t\t\t\t\t\t<section class=\"elementor-section elementor-top-section elementor-element elementor-element-8c95c49 elementor-section-boxed elementor-section-height-default elementor-section-height-default\" data-id=\"8c95c49\" data-element_type=\"section\">\r\n\t\t\r\n\t\t\t\t\t\t\t<div class=\"elementor-container elementor-column-gap-default\">\r\n\t\t\t\t\t\t\t\t\t\t\t<div class=\"elementor-column elementor-col-100 elementor-top-column elementor-element elementor-element-bb3f902\" data-id=\"bb3f902\" data-element_type=\"column\">\r\n\t\t\t\t\t<div class=\"elementor-widget-wrap elementor-element-populated\">\r\n\t\t\t\t\t\t\t\t<section class=\"elementor-section elementor-inner-section elementor-element elementor-element-3ae0fd1 elementor-section-boxed elementor-section-height-default elementor-section-height-default\" data-id=\"3ae0fd1\" data-element_type=\"section\">\r\n\t\t\r\n\t\t\t\t\t\t\t<div class=\"elementor-container elementor-column-gap-default\">\r\n\t\t\t\t\t\t\t\t\t\t\t<div class=\"elementor-column elementor-col-50 elementor-inner-column elementor-element elementor-element-d563a5c\" data-id=\"d563a5c\" data-element_type=\"column\">\r\n\t\t\t\t\t<div class=\"elementor-widget-wrap elementor-element-populated\">\r\n\t\t\t\t\t\t\t\t<div class=\"elementor-element elementor-element-12a3b97 elementor-widget elementor-widget-video\" data-id=\"12a3b97\" data-element_type=\"widget\" data-settings=\"{&quot;youtube_url&quot;:&quot;https:\\\/\\\/www.youtube.com\\\/watch?v=-Pn3AAts1-4&quot;,&quot;video_type&quot;:&quot;youtube&quot;,&quot;controls&quot;:&quot;yes&quot;}\" data-widget_type=\"video.default\">\n\t\t\t\t<div class=\"elementor-widget-container\">\n\t\t\t\t\t\t\t<div class=\"elementor-wrapper elementor-open-inline\">\n\t\t\t<div class=\"elementor-video\"><\/div>\t\t<\/div>\n\t\t\t\t\t\t<\/div>\n\t\t\t\t<\/div>\n\t\t\t\t<div class=\"elementor-element elementor-element-156522a elementor-widget elementor-widget-porto_ultimate_heading\" data-id=\"156522a\" data-element_type=\"widget\" data-widget_type=\"porto_ultimate_heading.default\">\n\t\t\t\t<div class=\"elementor-widget-container\">\n\t\t\t\t\t<div class=\"porto-u-heading  porto-u-55ca8359258f9a412be7e73af65d2aac\"><div class=\"porto-u-sub-heading\" style=\"\"><h3>Mahara utilizado para a implementa\u00e7\u00e3o de ePortfolios<\/h3><\/div><style>.porto-u-55ca8359258f9a412be7e73af65d2aac.porto-u-heading{text-align:center}<\/style><\/div>\t\t\t\t<\/div>\n\t\t\t\t<\/div>\n\t\t\t\t<div class=\"elementor-element elementor-element-7b4ab80 elementor-widget elementor-widget-video\" data-id=\"7b4ab80\" data-element_type=\"widget\" data-settings=\"{&quot;youtube_url&quot;:&quot;https:\\\/\\\/www.youtube.com\\\/watch?v=VeS1iqQ6VIc&quot;,&quot;video_type&quot;:&quot;youtube&quot;,&quot;controls&quot;:&quot;yes&quot;}\" data-widget_type=\"video.default\">\n\t\t\t\t<div class=\"elementor-widget-container\">\n\t\t\t\t\t\t\t<div class=\"elementor-wrapper elementor-open-inline\">\n\t\t\t<div class=\"elementor-video\"><\/div>\t\t<\/div>\n\t\t\t\t\t\t<\/div>\n\t\t\t\t<\/div>\n\t\t\t\t\t<\/div>\r\n\t\t\t\t<\/div>\r\n\t\t\t\t<div class=\"elementor-column elementor-col-50 elementor-inner-column elementor-element elementor-element-b69f3f9\" data-id=\"b69f3f9\" data-element_type=\"column\">\r\n\t\t\t\t\t<div class=\"elementor-widget-wrap elementor-element-populated\">\r\n\t\t\t\t\t\t\t\t<div class=\"elementor-element elementor-element-a33e8ee elementor-widget elementor-widget-text-editor\" data-id=\"a33e8ee\" data-element_type=\"widget\" data-widget_type=\"text-editor.default\">\n\t\t\t\t<div class=\"elementor-widget-container\">\n\t\t\t\t\t\t\t\t\t<p><span style=\"color: #808080;\">Uma carteira eletr\u00f3nica \u00e9 uma janela p\u00fablica para mostrar as realiza\u00e7\u00f5es pessoais. Ser\u00e1 uma cole\u00e7\u00e3o digital de trabalhos que reflectem o esfor\u00e7o, os progressos, as realiza\u00e7\u00f5es e as compet\u00eancias de um indiv\u00edduo adquiridos atrav\u00e9s das actividades do projeto. Os estudantes e estagi\u00e1rios ter\u00e3o acesso a um espa\u00e7o e a ferramentas em linha para poderem registar, armazenar e estruturar provas que demonstrem os seus resultados e capacidades de aprendizagem; para auto-avaliarem e monitorizarem o seu pr\u00f3prio desenvolvimento de aprendizagem; para partilharem elementos dos seus percursos de aprendizagem com colegas e instrutores. Destina-se ainda a todos os alunos, estagi\u00e1rios e jovens trabalhadores que pretendam classificar e nivelar as suas compet\u00eancias tendo em conta as exig\u00eancias do mercado de trabalho. Espera-se que esta produ\u00e7\u00e3o intelectual promova o empenho dos formandos na aprendizagem, na pr\u00e1tica reflexiva, nos objectivos de aprendizagem centrados no aluno e na aprendizagem aut\u00f3noma ao longo da vida. Objetivo da carteira eletr\u00f3nica: A carteira eletr\u00f3nica tem dois objectivos fundamentais:<\/span><br \/><span style=\"color: #808080;\">&#8211; Fornecer documenta\u00e7\u00e3o das actividades de aprendizagem e do trabalho,<\/span><br \/><span style=\"color: #808080;\">&#8211; servir de base para avaliar as actividades de aprendizagem e trabalhar em fun\u00e7\u00e3o de determinadas normas.<\/span><br \/><span style=\"color: #808080;\">Vantagens da carteira eletr\u00f3nica<\/span><br \/><span style=\"color: #808080;\">&#8211; O portef\u00f3lio oferece as vantagens dos crit\u00e9rios a utilizar para avaliar as actividades de aprendizagem e o trabalho de cada um.<\/span><br \/><span style=\"color: #808080;\">&#8211; O portef\u00f3lio oferece as vantagens de uma prova direta das actividades de aprendizagem e do trabalho de cada um.<\/span><br \/><span style=\"color: #808080;\">&#8211; O portef\u00f3lio oferece a possibilidade de autoan\u00e1lise e reflex\u00e3o.<\/span><br \/><span style=\"color: #808080;\">&#8211; \u00c9 uma forma de &#8220;publica\u00e7\u00e3o eletr\u00f3nica&#8221;.<\/span><\/p>\n\t\t\t\t\t\t\t\t<\/div>\n\t\t\t\t<\/div>\n\t\t\t\t<div class=\"elementor-element elementor-element-2e39256 elementor-widget elementor-widget-porto_info_box\" data-id=\"2e39256\" data-element_type=\"widget\" data-widget_type=\"porto_info_box.default\">\n\t\t\t\t<div class=\"elementor-widget-container\">\n\t\t\t\t\t<div class=\"porto-sicon-box style_1 left-icon\"><div class=\"porto-sicon-left\"><div class=\"porto-just-icon-wrapper porto-icon none\" style=\"\"><i class=\"fas fa-info-circle\"><\/i><\/div><\/div><div class=\"porto-sicon-body\"><div class=\"porto-sicon-description\" style=\"\" ><h4><a href=\"https:\/\/slyms.expertprojects.eu\/\" data-wplink-edit=\"true\"><strong>Clique para criar a sua pr\u00f3pria e-Portfolio<\/strong><\/a><\/h4><\/div> <!-- description --><\/div><\/div><!-- porto-sicon-box -->\t\t\t\t<\/div>\n\t\t\t\t<\/div>\n\t\t\t\t\t<\/div>\r\n\t\t\t\t<\/div>\r\n\t\t\t\t\t<\/div>\r\n\t\t\t\t<\/section>\r\n\t\t\t\t\t<\/div>\r\n\t\t\t\t<\/div>\r\n\t\t\t\t\t<\/div>\r\n\t\t\t\t<\/section>\r\n\t\t\t\t<section class=\"elementor-section elementor-top-section elementor-element elementor-element-767896c elementor-section-boxed elementor-section-height-default elementor-section-height-default\" data-id=\"767896c\" data-element_type=\"section\">\r\n\t\t\r\n\t\t\t\t\t\t\t<div class=\"elementor-container elementor-column-gap-default\">\r\n\t\t\t\t\t\t\t\t\t\t\t<div class=\"elementor-column elementor-col-100 elementor-top-column elementor-element elementor-element-a296dda\" data-id=\"a296dda\" data-element_type=\"column\">\r\n\t\t\t\t\t<div class=\"elementor-widget-wrap elementor-element-populated\">\r\n\t\t\t\t\t\t\t\t<div class=\"elementor-element elementor-element-1a52924 elementor-widget elementor-widget-text-editor\" data-id=\"1a52924\" data-element_type=\"widget\" data-widget_type=\"text-editor.default\">\n\t\t\t\t<div class=\"elementor-widget-container\">\n\t\t\t\t\t\t\t\t\t<h3>COMPRA Portf\u00f3lio eletr\u00f3nico do aluno<\/h3>\n<ul>\n<li>\n<h3><strong><a href=\"https:\/\/slyms.expertprojects.eu\/view\/view.php?id=86\" target=\"_blank\" rel=\"noopener\">Jaden Gomes<\/a><\/strong><\/h3>\n<\/li>\n<li>\n<h3><strong><a href=\"https:\/\/slyms.expertprojects.eu\/view\/view.php?t=G2436YVhAEbDqPaZTwe0\" target=\"_blank\" rel=\"noopener\">Catherine Streich<\/a><\/strong><\/h3>\n<\/li>\n<li>\n<h3><strong><a href=\"https:\/\/slyms.expertprojects.eu\/view\/view.php?id=92\" target=\"_blank\" rel=\"noopener\">Equipa PT da Universitat Pompeu Fabra<\/a><\/strong><\/h3>\n<\/li>\n<\/ul>\n\t\t\t\t\t\t\t\t<\/div>\n\t\t\t\t<\/div>\n\t\t\t\t\t<\/div>\r\n\t\t\t\t<\/div>\r\n\t\t\t\t\t<\/div>\r\n\t\t\t\t<\/section>\r\n\t\t\t\t<\/div>\n\t\t","protected":false},"excerpt":{"rendered":"<p>Mahara utilizado para a implementa\u00e7\u00e3o de ePortfolios https:\/\/www.youtube.com\/watch?v=VeS1iqQ6VIc Uma carteira eletr\u00f3nica \u00e9 uma janela p\u00fablica para mostrar as realiza\u00e7\u00f5es pessoais. Ser\u00e1 uma cole\u00e7\u00e3o digital de trabalhos que reflectem o esfor\u00e7o, os progressos, as realiza\u00e7\u00f5es e as compet\u00eancias de um indiv\u00edduo adquiridos atrav\u00e9s das actividades do projeto. Os estudantes e estagi\u00e1rios ter\u00e3o acesso a um espa\u00e7o [&hellip;]<\/p>\n","protected":false},"author":2,"featured_media":0,"parent":0,"menu_order":0,"comment_status":"closed","ping_status":"closed","template":"","meta":{"content-type":"","footnotes":""},"class_list":["post-1927","page","type-page","status-publish","hentry"],"_links":{"self":[{"href":"https:\/\/compra.uth.gr\/pt-pt\/wp-json\/wp\/v2\/pages\/1927","targetHints":{"allow":["GET"]}}],"collection":[{"href":"https:\/\/compra.uth.gr\/pt-pt\/wp-json\/wp\/v2\/pages"}],"about":[{"href":"https:\/\/compra.uth.gr\/pt-pt\/wp-json\/wp\/v2\/types\/page"}],"author":[{"embeddable":true,"href":"https:\/\/compra.uth.gr\/pt-pt\/wp-json\/wp\/v2\/users\/2"}],"replies":[{"embeddable":true,"href":"https:\/\/compra.uth.gr\/pt-pt\/wp-json\/wp\/v2\/comments?post=1927"}],"version-history":[{"count":2,"href":"https:\/\/compra.uth.gr\/pt-pt\/wp-json\/wp\/v2\/pages\/1927\/revisions"}],"predecessor-version":[{"id":1932,"href":"https:\/\/compra.uth.gr\/pt-pt\/wp-json\/wp\/v2\/pages\/1927\/revisions\/1932"}],"wp:attachment":[{"href":"https:\/\/compra.uth.gr\/pt-pt\/wp-json\/wp\/v2\/media?parent=1927"}],"curies":[{"name":"wp","href":"https:\/\/api.w.org\/{rel}","templated":true}]}}